{"id":410,"date":"2023-02-05T09:32:19","date_gmt":"2023-02-05T09:32:19","guid":{"rendered":"https:\/\/france.spacerenaissance.space\/?page_id=410"},"modified":"2023-02-28T16:31:21","modified_gmt":"2023-02-28T16:31:21","slug":"fevrier-2023","status":"publish","type":"page","link":"https:\/\/france.spacerenaissance.space\/?page_id=410","title":{"rendered":"FEVRIER  2023"},"content":{"rendered":"<p><strong>Comment aller dans l&#8217;espace sans fus\u00e9e<\/strong><br \/>\nKeisuke Iwaya, le PDG de la start-up japonaise Iwaya Giken propose des voyages de tourisme spatial \u00e0 180 000 dollars, Blue Origin et Virgin Galactic proposant des tarifs \u00e0 250 000 dollars. Keisuke Iwaya d\u00e9veloppe son projet depuis 2012. Il consiste \u00e0 accrocher une capsule \u00e0 un ballon pour se rendre dans l&#8217;espace.<br \/>\nLa \u201cligne de Karman\u201d est une limite artificielle \u00e0 100 km d\u2019altitude qui s\u00e9pare l\u2019atmosph\u00e8re de l\u2019espace. Selon le plan de vol pr\u00e9sent\u00e9, le ballon devrait atteindre les 25 kilom\u00e8tres d\u2019altitude avant de redescendre. A cette altitude il est possible de voir la rotondit\u00e9 de la Terre.<\/p>\n<p><img loading=\"lazy\" decoding=\"async\" class=\"alignnone  wp-image-420\" src=\"https:\/\/france.spacerenaissance.space\/wp-content\/uploads\/2023\/02\/iwaya-giken-espace-300x200.webp\" alt=\"\" width=\"630\" height=\"420\" srcset=\"https:\/\/france.spacerenaissance.space\/wp-content\/uploads\/2023\/02\/iwaya-giken-espace-300x200.webp 300w, https:\/\/france.spacerenaissance.space\/wp-content\/uploads\/2023\/02\/iwaya-giken-espace-1024x682.webp 1024w, https:\/\/france.spacerenaissance.space\/wp-content\/uploads\/2023\/02\/iwaya-giken-espace-768x511.webp 768w, https:\/\/france.spacerenaissance.space\/wp-content\/uploads\/2023\/02\/iwaya-giken-espace.webp 1400w\" sizes=\"auto, (max-width: 630px) 100vw, 630px\" \/>n En France plusieurs entreprises proposent une offre similaire \u00e0 celle de Iwaya Giken. La start-up Zephalto travaille sur la conception d\u2019un ballon capable de monter \u00e0 60 kilom\u00e8tres d\u2019altitude. Elle envisage de mener une premi\u00e8re mission exp\u00e9rimentale en 2024. Les soci\u00e9t\u00e9s fran\u00e7aises Stratoflight et Expleo proposent un autre projet de capsule stratosph\u00e9rique dot\u00e9e d&#8217;une \u201cterrasse\u201d permettant aux touristes \u00e9quip\u00e9s de combinaisons de profiter du vide spatial et du silence absolu des hautes altitudes.Elles ont pr\u00e9sent\u00e9 leur projet lors de la derni\u00e8re \u00e9dition de l\u2019IAC (le congr\u00e8s international sur l\u2019a\u00e9ronautique) qui s\u2019est tenu fin 2022 \u00e0 Paris.<\/p>\n<h1><em><strong>&#8220;<span style=\"font-family: Arial, sans-serif;\"><span style=\"font-size: small;\">L\u2019ASTRONAUTE&#8221;<\/span><\/span><\/strong><\/em><\/h1>\n<p>Un film de <em>Nicolas Giraud<\/em><\/p>\n<p>Par <em>Nicolas Giraud, St\u00e9phane Cabel<\/em>, Avec <em>Nicolas Giraud, Mathieu Kassovitz, H\u00e9l\u00e8ne Vincent<\/em><\/p>\n<p>Sortie en salle le 15 F\u00e9vrier 2023 &#8211; Dur\u00e9e: 1h50 mn -Genre: Com\u00e9die dramatique<\/p>\n<p><img loading=\"lazy\" decoding=\"async\" class=\"alignnone wp-image-411\" src=\"https:\/\/france.spacerenaissance.space\/wp-content\/uploads\/2023\/02\/astronaute_doc120_web-600x815-1-221x300.jpg\" alt=\"\" width=\"635\" height=\"862\" srcset=\"https:\/\/france.spacerenaissance.space\/wp-content\/uploads\/2023\/02\/astronaute_doc120_web-600x815-1-221x300.jpg 221w, https:\/\/france.spacerenaissance.space\/wp-content\/uploads\/2023\/02\/astronaute_doc120_web-600x815-1.jpg 600w\" sizes=\"auto, (max-width: 635px) 100vw, 635px\" \/><\/p>\n<h2 class=\"western\"><strong><span style=\"color: #333333;\"><span style=\"font-family: Arial, sans-serif;\"><span style=\"font-size: small;\">SYNOPSIS<\/span><\/span><\/span><\/strong><\/h2>\n<p><span style=\"font-family: Arial, sans-serif;\"><span style=\"font-size: small;\"><span style=\"color: #333333;\">Ing\u00e9nieur en a\u00e9ronautique chez ArianeGroup, Jim se consacre depuis des ann\u00e9es \u00e0 un projet secret : construire sa propre fus\u00e9e et accomplir le premier vol spatial habit\u00e9 en amateur. Mais pour r\u00e9aliser son r\u00eave, il doit apprendre \u00e0 le partager\u2026<\/span><\/span><\/span><\/p>\n<p><iframe loading=\"lazy\" title=\"L&#039;ASTRONAUTE Bande Annonce (2023) Mathieu Kassovitz, Nicolas Giraud\" width=\"640\" height=\"360\" src=\"https:\/\/www.youtube.com\/embed\/yaGAVVmR1mU?feature=oembed\" frameborder=\"0\" allow=\"accelerometer; autoplay; clipboard-write; encrypted-media; gyroscope; picture-in-picture; web-share\" referrerpolicy=\"strict-origin-when-cross-origin\" allowfullscreen><\/iframe><\/p>\n","protected":false},"excerpt":{"rendered":"<p>Comment aller dans l&#8217;espace sans fus\u00e9e Keisuke Iwaya, le PDG de la start-up japonaise Iwaya Giken propose des voyages de tourisme spatial \u00e0 180 000 dollars, Blue Origin et Virgin Galactic proposant des tarifs \u00e0 250 000 dollars. Keisuke Iwaya &hellip; <a href=\"https:\/\/france.spacerenaissance.space\/?page_id=410\">Continue reading <span class=\"meta-nav\">&rarr;<\/span><\/a><\/p>\n","protected":false},"author":2,"featured_media":0,"parent":0,"menu_order":0,"comment_status":"closed","ping_status":"closed","template":"","meta":{"footnotes":""},"class_list":["post-410","page","type-page","status-publish","hentry"],"_links":{"self":[{"href":"https:\/\/france.spacerenaissance.space\/index.php?rest_route=\/wp\/v2\/pages\/410","targetHints":{"allow":["GET"]}}],"collection":[{"href":"https:\/\/france.spacerenaissance.space\/index.php?rest_route=\/wp\/v2\/pages"}],"about":[{"href":"https:\/\/france.spacerenaissance.space\/index.php?rest_route=\/wp\/v2\/types\/page"}],"author":[{"embeddable":true,"href":"https:\/\/france.spacerenaissance.space\/index.php?rest_route=\/wp\/v2\/users\/2"}],"replies":[{"embeddable":true,"href":"https:\/\/france.spacerenaissance.space\/index.php?rest_route=%2Fwp%2Fv2%2Fcomments&post=410"}],"version-history":[{"count":4,"href":"https:\/\/france.spacerenaissance.space\/index.php?rest_route=\/wp\/v2\/pages\/410\/revisions"}],"predecessor-version":[{"id":421,"href":"https:\/\/france.spacerenaissance.space\/index.php?rest_route=\/wp\/v2\/pages\/410\/revisions\/421"}],"wp:attachment":[{"href":"https:\/\/france.spacerenaissance.space\/index.php?rest_route=%2Fwp%2Fv2%2Fmedia&parent=410"}],"curies":[{"name":"wp","href":"https:\/\/api.w.org\/{rel}","templated":true}]}}