{"id":396,"date":"2023-01-29T15:17:11","date_gmt":"2023-01-29T15:17:11","guid":{"rendered":"https:\/\/france.spacerenaissance.space\/?page_id=396"},"modified":"2023-01-29T15:18:59","modified_gmt":"2023-01-29T15:18:59","slug":"spatioport-saxavord","status":"publish","type":"page","link":"https:\/\/france.spacerenaissance.space\/?page_id=396","title":{"rendered":"Spatioport Saxavord"},"content":{"rendered":"<p>SaxaVord Spaceport (base de lancement de SaxaVord en fran\u00e7ais), anciennement connue sous le nom de Shetland Space Center, est une base de lancement situ\u00e9e dans la p\u00e9ninsule de Lamba Ness sur Unst, la plus au nord des \u00eeles Shetland. Le site se trouve \u00e0 proximit\u00e9 de la station radar de la RAF Saxa Vord et de la localit\u00e9 de Skaw. La base de lancement pr\u00e9voit de cr\u00e9er environ 140 emplois sur l&#8217;\u00eele d&#8217;Unst et 70 emplois dans le reste du comt\u00e9, tout en g\u00e9n\u00e9rant des b\u00e9n\u00e9fices \u00e9conomiques de plus de 7,8 millions de livres sterling dans la r\u00e9gion. Le co\u00fbt total du projet est de 43 millions \u00a3. Un projet pour un h\u00f4tel pouvant accueillir des touristes et des employ\u00e9s est \u00e9galement en cours d&#8217;\u00e9laboration, apr\u00e8s le d\u00e9p\u00f4t d&#8217;une demande d&#8217;approbation pour le projet faite fin 2022.<br \/>\nDe nombreux lancements sont pr\u00e9vus \u00e0 partir de ce site:<br \/>\nLe programme de lancement de satellite UK Pathfinder de Lockheed Martin utilisera ce site de lancement pour lancer les premiers satellites britanniques \u00e0 partir de la Grande-Bretagne. Le lanceur propos\u00e9 dans le cadre de ce programme est le RS1 d&#8217;ABL Space Systems, une soci\u00e9t\u00e9 am\u00e9ricaine d\u00e9veloppant des fus\u00e9es d&#8217;une hauteur de 27 m capables de placer des charges utiles allant jusqu&#8217;\u00e0 1000 kg sur une orbite h\u00e9liosynchrone. Le programme UK Pathfinder Launch est soutenu par des subventions totalisant 23,5 millions de livres sterling de l&#8217;Agence spatiale du Royaume-Uni.<br \/>\nLe site de lancement serait \u00e9galement utilis\u00e9 par HyImpulse Technologies, une soci\u00e9t\u00e9 a\u00e9rospatiale allemande d\u00e9veloppant des fus\u00e9es utilisant une propulsion hybride, visant des lancements orbitaux d&#8217;ici 2023.<br \/>\nEn octobre 2021, Skyrora a sign\u00e9 une entente pour plusieurs lancements au cours de la prochaine d\u00e9cennie \u00e0 partir de SaxaVord, dans l&#8217;espoir de commencer \u00e0 envoyer des satellites en orbite d&#8217;ici 2023-2024.<br \/>\nEn avril 2022, Astra Space avait annonc\u00e9 qu&#8217;elle avait conclu un partenariat pour r\u00e9aliser des lancements \u00e0 partir de SaxaVord, avec le premier vol pr\u00e9vu pour 2023.<br \/>\nRocket factory Augsburg s&#8217;est entendu avec SaxaVord en janvier 2023 pour avoir un acc\u00e8s exclusif au pas de tir &#8220;Fredo&#8221; et y lancer sa fus\u00e9e RFA One pour la premi\u00e8re fois \u00e0 la fin de l&#8217;ann\u00e9e 2023.<br \/>\nLa start-up fran\u00e7aise <a href=\"https:\/\/france.spacerenaissance.space\/?page_id=375\">Latitude<\/a> a s\u00e9lectionn\u00e9 le pas-de-tir de SaxaVord pour les lancements de sa fus\u00e9e <a href=\"https:\/\/france.spacerenaissance.space\/?page_id=378\">Z\u00e9phyr<\/a>, dont le premier est pr\u00e9vu pour fin-2024.<\/p>\n","protected":false},"excerpt":{"rendered":"<p>SaxaVord Spaceport (base de lancement de SaxaVord en fran\u00e7ais), anciennement connue sous le nom de Shetland Space Center, est une base de lancement situ\u00e9e dans la p\u00e9ninsule de Lamba Ness sur Unst, la plus au nord des \u00eeles Shetland. Le &hellip; <a href=\"https:\/\/france.spacerenaissance.space\/?page_id=396\">Continue reading <span class=\"meta-nav\">&rarr;<\/span><\/a><\/p>\n","protected":false},"author":2,"featured_media":0,"parent":0,"menu_order":0,"comment_status":"closed","ping_status":"closed","template":"","meta":{"footnotes":""},"class_list":["post-396","page","type-page","status-publish","hentry"],"_links":{"self":[{"href":"https:\/\/france.spacerenaissance.space\/index.php?rest_route=\/wp\/v2\/pages\/396","targetHints":{"allow":["GET"]}}],"collection":[{"href":"https:\/\/france.spacerenaissance.space\/index.php?rest_route=\/wp\/v2\/pages"}],"about":[{"href":"https:\/\/france.spacerenaissance.space\/index.php?rest_route=\/wp\/v2\/types\/page"}],"author":[{"embeddable":true,"href":"https:\/\/france.spacerenaissance.space\/index.php?rest_route=\/wp\/v2\/users\/2"}],"replies":[{"embeddable":true,"href":"https:\/\/france.spacerenaissance.space\/index.php?rest_route=%2Fwp%2Fv2%2Fcomments&post=396"}],"version-history":[{"count":2,"href":"https:\/\/france.spacerenaissance.space\/index.php?rest_route=\/wp\/v2\/pages\/396\/revisions"}],"predecessor-version":[{"id":399,"href":"https:\/\/france.spacerenaissance.space\/index.php?rest_route=\/wp\/v2\/pages\/396\/revisions\/399"}],"wp:attachment":[{"href":"https:\/\/france.spacerenaissance.space\/index.php?rest_route=%2Fwp%2Fv2%2Fmedia&parent=396"}],"curies":[{"name":"wp","href":"https:\/\/api.w.org\/{rel}","templated":true}]}}