{"id":384,"date":"2023-01-29T14:54:09","date_gmt":"2023-01-29T14:54:09","guid":{"rendered":"https:\/\/france.spacerenaissance.space\/?page_id=384"},"modified":"2023-01-29T14:57:29","modified_gmt":"2023-01-29T14:57:29","slug":"navier","status":"publish","type":"page","link":"https:\/\/france.spacerenaissance.space\/?page_id=384","title":{"rendered":"NAVIER"},"content":{"rendered":"<p>La premi\u00e8re version du moteur de fus\u00e9e Navier Mark I de la start-up fran\u00e7aise <a href=\"https:\/\/france.spacerenaissance.space\/?page_id=375\">Latitude<\/a> est enti\u00e8rement imprim\u00e9 en 3D m\u00e9tal. Navier sera int\u00e9gr\u00e9 au micro-lanceur <a href=\"https:\/\/france.spacerenaissance.space\/?page_id=378\">Z\u00e9phyr<\/a> dont le premier lancement devrait avoir lieu en 2024. Le moteur en question est imprim\u00e9 \u00e0 partir d\u2019un alliage de nickel sur une machine de fusion laser sur lit de poudre.<\/p>\n<p>Le moteur imprim\u00e9 en 3D mesure 45 centim\u00e8tres de hauteur et p\u00e8se 30 kilos, le tout pour une pouss\u00e9e de 1,2 tonne. Il a \u00e9t\u00e9 fabriqu\u00e9 \u00e0 partir d\u2019Inconel 718 sur une machine SLM 500 en quelques jours seulement. Il devrait \u00eatre test\u00e9 \u00e0 Vernon, dans le cadre d\u2019un partenariat avec ArianeGroup. En octobre 2021, Latitude annon\u00e7ait l\u2019ouverture de son nouveau site de production \u00e0 Reims : 1 700 m\u00e8tres carr\u00e9s d\u00e9di\u00e9s au d\u00e9veloppement du micro-lanceur Z\u00e9phyr. La startup poss\u00e8de actuellement plusieurs imprimantes 3D de bureau pour fabriquer des prototypes et envisage d\u2019investir dans une solution d\u2019impression 3D m\u00e9tallique. Pour le d\u00e9veloppement de son moteur Navier, elle a fait appel \u00e0 Saturne Technology, une PME luxembourgeoise. A terme, Latitude esp\u00e8re internaliser toute la fabrication de son micro-lanceur.<\/p>\n<p><img loading=\"lazy\" decoding=\"async\" class=\"alignnone wp-image-388\" src=\"https:\/\/france.spacerenaissance.space\/wp-content\/uploads\/2023\/01\/NAVIER_MK1_-_CCTuyereGimbal_V2_2020-Feb-25_10-09-00PM-000_CustomizedView13470940675_jpg-300x225.jpg\" alt=\"\" width=\"632\" height=\"474\" srcset=\"https:\/\/france.spacerenaissance.space\/wp-content\/uploads\/2023\/01\/NAVIER_MK1_-_CCTuyereGimbal_V2_2020-Feb-25_10-09-00PM-000_CustomizedView13470940675_jpg-300x225.jpg 300w, https:\/\/france.spacerenaissance.space\/wp-content\/uploads\/2023\/01\/NAVIER_MK1_-_CCTuyereGimbal_V2_2020-Feb-25_10-09-00PM-000_CustomizedView13470940675_jpg-1024x768.jpg 1024w, https:\/\/france.spacerenaissance.space\/wp-content\/uploads\/2023\/01\/NAVIER_MK1_-_CCTuyereGimbal_V2_2020-Feb-25_10-09-00PM-000_CustomizedView13470940675_jpg-768x576.jpg 768w, https:\/\/france.spacerenaissance.space\/wp-content\/uploads\/2023\/01\/NAVIER_MK1_-_CCTuyereGimbal_V2_2020-Feb-25_10-09-00PM-000_CustomizedView13470940675_jpg-1536x1152.jpg 1536w, https:\/\/france.spacerenaissance.space\/wp-content\/uploads\/2023\/01\/NAVIER_MK1_-_CCTuyereGimbal_V2_2020-Feb-25_10-09-00PM-000_CustomizedView13470940675_jpg.jpg 2048w\" sizes=\"auto, (max-width: 632px) 100vw, 632px\" \/><\/p>\n<h6 class=\"eYbsle mKq8g cS4Vcb-pGL6qe-fwJd0c\" style=\"text-align: right;\">Moteur fus\u00e9e Navier de la Ste Latitude (ex-Venture Orbital Systems )<\/h6>\n<p><img loading=\"lazy\" decoding=\"async\" class=\"alignnone wp-image-385\" src=\"https:\/\/france.spacerenaissance.space\/wp-content\/uploads\/2023\/01\/navier_printer-300x171.jpg\" alt=\"\" width=\"632\" height=\"360\" srcset=\"https:\/\/france.spacerenaissance.space\/wp-content\/uploads\/2023\/01\/navier_printer-300x171.jpg 300w, https:\/\/france.spacerenaissance.space\/wp-content\/uploads\/2023\/01\/navier_printer.jpg 700w\" sizes=\"auto, (max-width: 632px) 100vw, 632px\" \/><\/p>\n<h6 style=\"text-align: right;\">Le moteur Navier est imprim\u00e9 en 3D par Saturne Technology sur une machine SLM (cr\u00e9dits photo : Saturne Technology)<\/h6>\n","protected":false},"excerpt":{"rendered":"<p>La premi\u00e8re version du moteur de fus\u00e9e Navier Mark I de la start-up fran\u00e7aise Latitude est enti\u00e8rement imprim\u00e9 en 3D m\u00e9tal. Navier sera int\u00e9gr\u00e9 au micro-lanceur Z\u00e9phyr dont le premier lancement devrait avoir lieu en 2024. Le moteur en question &hellip; <a href=\"https:\/\/france.spacerenaissance.space\/?page_id=384\">Continue reading <span class=\"meta-nav\">&rarr;<\/span><\/a><\/p>\n","protected":false},"author":2,"featured_media":0,"parent":0,"menu_order":0,"comment_status":"closed","ping_status":"closed","template":"","meta":{"footnotes":""},"class_list":["post-384","page","type-page","status-publish","hentry"],"_links":{"self":[{"href":"https:\/\/france.spacerenaissance.space\/index.php?rest_route=\/wp\/v2\/pages\/384","targetHints":{"allow":["GET"]}}],"collection":[{"href":"https:\/\/france.spacerenaissance.space\/index.php?rest_route=\/wp\/v2\/pages"}],"about":[{"href":"https:\/\/france.spacerenaissance.space\/index.php?rest_route=\/wp\/v2\/types\/page"}],"author":[{"embeddable":true,"href":"https:\/\/france.spacerenaissance.space\/index.php?rest_route=\/wp\/v2\/users\/2"}],"replies":[{"embeddable":true,"href":"https:\/\/france.spacerenaissance.space\/index.php?rest_route=%2Fwp%2Fv2%2Fcomments&post=384"}],"version-history":[{"count":4,"href":"https:\/\/france.spacerenaissance.space\/index.php?rest_route=\/wp\/v2\/pages\/384\/revisions"}],"predecessor-version":[{"id":390,"href":"https:\/\/france.spacerenaissance.space\/index.php?rest_route=\/wp\/v2\/pages\/384\/revisions\/390"}],"wp:attachment":[{"href":"https:\/\/france.spacerenaissance.space\/index.php?rest_route=%2Fwp%2Fv2%2Fmedia&parent=384"}],"curies":[{"name":"wp","href":"https:\/\/api.w.org\/{rel}","templated":true}]}}