{"id":378,"date":"2023-01-29T14:41:26","date_gmt":"2023-01-29T14:41:26","guid":{"rendered":"https:\/\/france.spacerenaissance.space\/?page_id=378"},"modified":"2023-01-29T15:05:29","modified_gmt":"2023-01-29T15:05:29","slug":"zephyr","status":"publish","type":"page","link":"https:\/\/france.spacerenaissance.space\/?page_id=378","title":{"rendered":"Zephyr"},"content":{"rendered":"<p>Un micro-lanceur nomm\u00e9 Z\u00e9phyr est actuellement en d\u00e9veloppement par la start-up fran\u00e7aise <a href=\"https:\/\/france.spacerenaissance.space\/?page_id=375\">Latitude<\/a> ( anciennement Venture Orbital Systems). Son premier vol est programm\u00e9 pour 2024. Il sera propuls\u00e9 par 9 moteurs <a href=\"https:\/\/france.spacerenaissance.space\/?page_id=384\">Navier<\/a> Mark 2, imprim\u00e9s en 3D et fonctionnant gr\u00e2ce \u00e0 la combustion du RP-1 avec l&#8217;oxyg\u00e8ne liquide et dont l&#8217;alimentation en ergols est effectu\u00e9e par des pompes \u00e9lectriques.Zephyr est un lanceur l\u00e9ger constitu\u00e9 de deux \u00e9tages, d&#8217;une taille totale de 17 m\u00e8tres pour un diam\u00e8tre de 1,2 m\u00e8tre. Son premier \u00e9tage est propuls\u00e9 par 9 moteurs Navier en version atmosph\u00e9rique imprim\u00e9s en 3D. Le second \u00e9tage est propuls\u00e9 par un seul moteur Navier, dans une version optimis\u00e9e pour l&#8217;utilisation dans le vide spatial.<br \/>\nLe lanceur peut emmener une charge utile de 100 kg en orbite basse gr\u00e2ce \u00e0 sa coiffe d&#8217;un volume de 0,4 m.<\/p>\n<p><img loading=\"lazy\" decoding=\"async\" class=\"alignnone wp-image-381\" src=\"https:\/\/france.spacerenaissance.space\/wp-content\/uploads\/2023\/01\/Latitude_Zephyr_rendering_4-300x169.jpg\" alt=\"\" width=\"634\" height=\"357\" srcset=\"https:\/\/france.spacerenaissance.space\/wp-content\/uploads\/2023\/01\/Latitude_Zephyr_rendering_4-300x169.jpg 300w, https:\/\/france.spacerenaissance.space\/wp-content\/uploads\/2023\/01\/Latitude_Zephyr_rendering_4-1024x576.jpg 1024w, https:\/\/france.spacerenaissance.space\/wp-content\/uploads\/2023\/01\/Latitude_Zephyr_rendering_4-768x432.jpg 768w, https:\/\/france.spacerenaissance.space\/wp-content\/uploads\/2023\/01\/Latitude_Zephyr_rendering_4-1536x864.jpg 1536w, https:\/\/france.spacerenaissance.space\/wp-content\/uploads\/2023\/01\/Latitude_Zephyr_rendering_4-2048x1152.jpg 2048w\" sizes=\"auto, (max-width: 634px) 100vw, 634px\" \/><\/p>\n<h6 style=\"text-align: right;\">Image: Micro lanceur Zephyr de la soci\u00e9t\u00e9 Latitude &#8211; wikipedia -cc by sa 40<\/h6>\n","protected":false},"excerpt":{"rendered":"<p>Un micro-lanceur nomm\u00e9 Z\u00e9phyr est actuellement en d\u00e9veloppement par la start-up fran\u00e7aise Latitude ( anciennement Venture Orbital Systems). Son premier vol est programm\u00e9 pour 2024. Il sera propuls\u00e9 par 9 moteurs Navier Mark 2, imprim\u00e9s en 3D et fonctionnant gr\u00e2ce &hellip; <a href=\"https:\/\/france.spacerenaissance.space\/?page_id=378\">Continue reading <span class=\"meta-nav\">&rarr;<\/span><\/a><\/p>\n","protected":false},"author":2,"featured_media":0,"parent":0,"menu_order":0,"comment_status":"closed","ping_status":"closed","template":"","meta":{"footnotes":""},"class_list":["post-378","page","type-page","status-publish","hentry"],"_links":{"self":[{"href":"https:\/\/france.spacerenaissance.space\/index.php?rest_route=\/wp\/v2\/pages\/378","targetHints":{"allow":["GET"]}}],"collection":[{"href":"https:\/\/france.spacerenaissance.space\/index.php?rest_route=\/wp\/v2\/pages"}],"about":[{"href":"https:\/\/france.spacerenaissance.space\/index.php?rest_route=\/wp\/v2\/types\/page"}],"author":[{"embeddable":true,"href":"https:\/\/france.spacerenaissance.space\/index.php?rest_route=\/wp\/v2\/users\/2"}],"replies":[{"embeddable":true,"href":"https:\/\/france.spacerenaissance.space\/index.php?rest_route=%2Fwp%2Fv2%2Fcomments&post=378"}],"version-history":[{"count":5,"href":"https:\/\/france.spacerenaissance.space\/index.php?rest_route=\/wp\/v2\/pages\/378\/revisions"}],"predecessor-version":[{"id":394,"href":"https:\/\/france.spacerenaissance.space\/index.php?rest_route=\/wp\/v2\/pages\/378\/revisions\/394"}],"wp:attachment":[{"href":"https:\/\/france.spacerenaissance.space\/index.php?rest_route=%2Fwp%2Fv2%2Fmedia&parent=378"}],"curies":[{"name":"wp","href":"https:\/\/api.w.org\/{rel}","templated":true}]}}