{"id":375,"date":"2023-01-29T14:37:16","date_gmt":"2023-01-29T14:37:16","guid":{"rendered":"https:\/\/france.spacerenaissance.space\/?page_id=375"},"modified":"2023-01-29T15:03:55","modified_gmt":"2023-01-29T15:03:55","slug":"latitude","status":"publish","type":"page","link":"https:\/\/france.spacerenaissance.space\/?page_id=375","title":{"rendered":"Latitude"},"content":{"rendered":"<p>Latitude (anciennement Venture Orbital Systems) est une start-up fran\u00e7aise bas\u00e9e \u00e0 Reims. Elle produit le micro-lanceur <a href=\"https:\/\/france.spacerenaissance.space\/?page_id=378\">Z\u00e9phyr<\/a> et son <a href=\"https:\/\/france.spacerenaissance.space\/?page_id=384\">moteur imprim\u00e9 en 3D Navier<\/a> afin de proposer des services de lancement orbital adapt\u00e9 aux nano-satellites.<br \/>\nVenture Orbital Systems a b\u00e9n\u00e9fici\u00e9 d&#8217;aides financi\u00e8res et techniques de la part de l&#8217;Agence spatiale europ\u00e9enne (25 000 \u20ac issus de son programme d&#8217;incubation de start-up) ainsi que du CNES, qui a notamment financ\u00e9 \u00e0 hauteur de 50 000 \u20ac le d\u00e9veloppement du moteur Navier, mais \u00e9galement d&#8217;ArianeGroup qui devrait fournir les bancs d&#8217;essais moteur \u00e0 Vernon. Ces aides lui ont permis d&#8217;acc\u00e9l\u00e9rer son d\u00e9veloppement \u00e0 partir de 2020 et notamment de travailler \u00e0 la conception pr\u00e9liminaire du lanceur. L&#8217;entreprise a re\u00e7u les premiers composants \u00e9lectroniques ainsi que le premier r\u00e9servoir de son lanceur. Elle avait inaugur\u00e9 son usine de micro-lanceurs \u00e0 Reims le 19 octobre 2021. Elle envisageait de r\u00e9aliser un grand nombre de tests de sous-syst\u00e8mes courant 2022 avant de commencer l&#8217;assemblage en 2023. Elle a r\u00e9alis\u00e9 en janvier 2023 le premier test du moteur Navier qui propulsera sa fus\u00e9e Zephyr vers l\u2019espace. Le premier lancement est pr\u00e9vu pour 2024. L&#8217;entreprise compte dans un premier temps proposer des tarifs \u00e0 35 000 dollars le kg en orbite avant d&#8217;abaisser progressivement ce co\u00fbt pour attirer de nouveaux clients.<br \/>\nLe 30 juin 2022, l&#8217;entreprise avait annonc\u00e9 une lev\u00e9e de fonds de 10 millions d&#8217;euros. Cr\u00e9dit Mutuel Innovation, French Tech Seed, Groupe ADF, Nicomatic, Comat et Expansion rejoignent Bpifrance et de UI Investissement au capital de l&#8217;entreprise. Venture Orbital Systems a change de nom \u00e0 la suite de cela, pour devenir Latitude.<\/p>\n","protected":false},"excerpt":{"rendered":"<p>Latitude (anciennement Venture Orbital Systems) est une start-up fran\u00e7aise bas\u00e9e \u00e0 Reims. Elle produit le micro-lanceur Z\u00e9phyr et son moteur imprim\u00e9 en 3D Navier afin de proposer des services de lancement orbital adapt\u00e9 aux nano-satellites. Venture Orbital Systems a b\u00e9n\u00e9fici\u00e9 &hellip; <a href=\"https:\/\/france.spacerenaissance.space\/?page_id=375\">Continue reading <span class=\"meta-nav\">&rarr;<\/span><\/a><\/p>\n","protected":false},"author":2,"featured_media":0,"parent":0,"menu_order":0,"comment_status":"closed","ping_status":"closed","template":"","meta":{"footnotes":""},"class_list":["post-375","page","type-page","status-publish","hentry"],"_links":{"self":[{"href":"https:\/\/france.spacerenaissance.space\/index.php?rest_route=\/wp\/v2\/pages\/375","targetHints":{"allow":["GET"]}}],"collection":[{"href":"https:\/\/france.spacerenaissance.space\/index.php?rest_route=\/wp\/v2\/pages"}],"about":[{"href":"https:\/\/france.spacerenaissance.space\/index.php?rest_route=\/wp\/v2\/types\/page"}],"author":[{"embeddable":true,"href":"https:\/\/france.spacerenaissance.space\/index.php?rest_route=\/wp\/v2\/users\/2"}],"replies":[{"embeddable":true,"href":"https:\/\/france.spacerenaissance.space\/index.php?rest_route=%2Fwp%2Fv2%2Fcomments&post=375"}],"version-history":[{"count":2,"href":"https:\/\/france.spacerenaissance.space\/index.php?rest_route=\/wp\/v2\/pages\/375\/revisions"}],"predecessor-version":[{"id":393,"href":"https:\/\/france.spacerenaissance.space\/index.php?rest_route=\/wp\/v2\/pages\/375\/revisions\/393"}],"wp:attachment":[{"href":"https:\/\/france.spacerenaissance.space\/index.php?rest_route=%2Fwp%2Fv2%2Fmedia&parent=375"}],"curies":[{"name":"wp","href":"https:\/\/api.w.org\/{rel}","templated":true}]}}