{"id":358,"date":"2023-01-17T14:10:09","date_gmt":"2023-01-17T14:10:09","guid":{"rendered":"https:\/\/france.spacerenaissance.space\/?page_id=358"},"modified":"2023-01-17T15:47:50","modified_gmt":"2023-01-17T15:47:50","slug":"espace-renaissance","status":"publish","type":"page","link":"https:\/\/france.spacerenaissance.space\/?page_id=358","title":{"rendered":"Espace Renaissance"},"content":{"rendered":"<h2><strong>Programme ISR 2023<\/strong><\/h2>\n<ul>\n<li>Campagnes d&#8217;astronautes analogiques: 18 f\u00e9vrier &#8211; 12 mars \u00e0 EMMPOL, Eurospacehub, ISU (Atelier)<\/li>\n<li>R\u00e9unions des comit\u00e9s de printemps de l&#8217;IAF: 28 \u2013 30 mars \u00e0 Paris (R\u00e9unions de comit\u00e9s, hybrides) &#8211; Participant ISR<\/li>\n<li>La vie dans l&#8217;univers: 3 &#8211; 6 avril \u00e0 Leiden Lorentz Center (NL)(Atelier) &#8211; Participant ISR<\/li>\n<li>G\u00e9oscience de l&#8217;EGU: 24 &#8211; 28 avril \u00e0 Vienne (Conf\u00e9rence) &#8211; SRI co-organisateur de plusieurs sessions, avec l&#8217;EMM, l&#8217;ESH<\/li>\n<li>Festival Eurospacehub: 1 &#8211; 3 mai \u00e0 Ibiza (Festival) &#8211; Participant ISR<\/li>\n<li>Atelier exploration durable AAE: 10 &#8211; 12 mai \u00e0 Turin, Politecnico (Atelier) &#8211; Participant ISR<\/li>\n<li>Atelier exploration, astronautique et sciences humaines: 15 &#8211; 19 mai \u00e0 Payerne\/EPFL Lausanne (CH) (Atelier) &#8211; Co-organisateur SRI<\/li>\n<li>\u00c9cole d&#8217;\u00e9t\u00e9 EMM: 4 &#8211; 17 juin \u00e0 Vulcano\/Etna\/Catane (Atelier) &#8211; Participant ISR<\/li>\n<li>Congr\u00e8s international d&#8217;astronautique 74: 1 &#8211; 6 octobre \u00e0 Bakou (Azerba\u00efdjan) (Congr\u00e8s) &#8211; Participant ISR<\/li>\n<\/ul>\n<p><img loading=\"lazy\" decoding=\"async\" class=\"alignnone wp-image-367\" src=\"https:\/\/france.spacerenaissance.space\/wp-content\/uploads\/2023\/01\/street-art-mural-graffiti-astronaut-300x197.jpg\" alt=\"\" width=\"639\" height=\"420\" srcset=\"https:\/\/france.spacerenaissance.space\/wp-content\/uploads\/2023\/01\/street-art-mural-graffiti-astronaut-300x197.jpg 300w, https:\/\/france.spacerenaissance.space\/wp-content\/uploads\/2023\/01\/street-art-mural-graffiti-astronaut-768x504.jpg 768w, https:\/\/france.spacerenaissance.space\/wp-content\/uploads\/2023\/01\/street-art-mural-graffiti-astronaut.jpg 910w\" sizes=\"auto, (max-width: 639px) 100vw, 639px\" \/><\/p>\n","protected":false},"excerpt":{"rendered":"<p>Programme ISR 2023 Campagnes d&#8217;astronautes analogiques: 18 f\u00e9vrier &#8211; 12 mars \u00e0 EMMPOL, Eurospacehub, ISU (Atelier) R\u00e9unions des comit\u00e9s de printemps de l&#8217;IAF: 28 \u2013 30 mars \u00e0 Paris (R\u00e9unions de comit\u00e9s, hybrides) &#8211; Participant ISR La vie dans l&#8217;univers: &hellip; <a href=\"https:\/\/france.spacerenaissance.space\/?page_id=358\">Continue reading <span class=\"meta-nav\">&rarr;<\/span><\/a><\/p>\n","protected":false},"author":2,"featured_media":0,"parent":0,"menu_order":0,"comment_status":"closed","ping_status":"closed","template":"","meta":{"footnotes":""},"class_list":["post-358","page","type-page","status-publish","hentry"],"_links":{"self":[{"href":"https:\/\/france.spacerenaissance.space\/index.php?rest_route=\/wp\/v2\/pages\/358","targetHints":{"allow":["GET"]}}],"collection":[{"href":"https:\/\/france.spacerenaissance.space\/index.php?rest_route=\/wp\/v2\/pages"}],"about":[{"href":"https:\/\/france.spacerenaissance.space\/index.php?rest_route=\/wp\/v2\/types\/page"}],"author":[{"embeddable":true,"href":"https:\/\/france.spacerenaissance.space\/index.php?rest_route=\/wp\/v2\/users\/2"}],"replies":[{"embeddable":true,"href":"https:\/\/france.spacerenaissance.space\/index.php?rest_route=%2Fwp%2Fv2%2Fcomments&post=358"}],"version-history":[{"count":7,"href":"https:\/\/france.spacerenaissance.space\/index.php?rest_route=\/wp\/v2\/pages\/358\/revisions"}],"predecessor-version":[{"id":369,"href":"https:\/\/france.spacerenaissance.space\/index.php?rest_route=\/wp\/v2\/pages\/358\/revisions\/369"}],"wp:attachment":[{"href":"https:\/\/france.spacerenaissance.space\/index.php?rest_route=%2Fwp%2Fv2%2Fmedia&parent=358"}],"curies":[{"name":"wp","href":"https:\/\/api.w.org\/{rel}","templated":true}]}}