{"id":339,"date":"2023-01-16T12:19:02","date_gmt":"2023-01-16T12:19:02","guid":{"rendered":"https:\/\/france.spacerenaissance.space\/?page_id=339"},"modified":"2023-01-16T13:08:53","modified_gmt":"2023-01-16T13:08:53","slug":"thales-alenia-space","status":"publish","type":"page","link":"https:\/\/france.spacerenaissance.space\/?page_id=339","title":{"rendered":"Thales Alenia Space"},"content":{"rendered":"<p>Cannes, le 4 janvier 2023 \u2013 L\u2019ann\u00e9e 2022 a \u00e9t\u00e9 d\u00e9cisive pour l\u2019avenir du spatial, marqu\u00e9e \u00e0 la fois par une croissance du secteur dans le domaine commercial, mais aussi par la dynamique impuls\u00e9e par les \u00c9tats et les grandes agences pour faire face aux enjeux de souverainet\u00e9, de s\u00e9curit\u00e9, de besoin en connectivit\u00e9 ou de protection de l\u2019environnement.<br \/>\nDans ce contexte, o\u00f9 le Conseil minist\u00e9riel de l\u2019Agence spatiale europ\u00e9enne 2022 s\u2019est conclu par l\u2019attribution d\u2019un budget de 16,9 milliards d\u2019euros, en hausse de 17% par rapport \u00e0 la minist\u00e9rielle de 2019, Thales Alenia Space, soci\u00e9t\u00e9 conjointe entre Thales (67%) et Leonardo (33%), revient sur une ann\u00e9e riche en succ\u00e8s et r\u00e9alisations.<\/p>\n<p><strong>L\u2019Espace pour se Connecter<\/strong><\/p>\n<p><img loading=\"lazy\" decoding=\"async\" class=\"alignnone wp-image-350\" src=\"https:\/\/france.spacerenaissance.space\/wp-content\/uploads\/2023\/01\/Space-Inspire_New_1100-300x169.jpg\" alt=\"\" width=\"636\" height=\"358\" srcset=\"https:\/\/france.spacerenaissance.space\/wp-content\/uploads\/2023\/01\/Space-Inspire_New_1100-300x169.jpg 300w, https:\/\/france.spacerenaissance.space\/wp-content\/uploads\/2023\/01\/Space-Inspire_New_1100-1024x576.jpg 1024w, https:\/\/france.spacerenaissance.space\/wp-content\/uploads\/2023\/01\/Space-Inspire_New_1100-768x432.jpg 768w, https:\/\/france.spacerenaissance.space\/wp-content\/uploads\/2023\/01\/Space-Inspire_New_1100.jpg 1100w\" sizes=\"auto, (max-width: 636px) 100vw, 636px\" \/><\/p>\n<h6 style=\"text-align: right;\">Space INSPIRE \u00a9 Thales Alenia Space<\/h6>\n<p>Thales Alenia Space est leader mondial sur le march\u00e9 des satellites de t\u00e9l\u00e9communications g\u00e9ostationnaires pour la 2\u00e8me ann\u00e9e cons\u00e9cutive, ayant remport\u00e9 6 satellites sur les 10 attribu\u00e9s en 2022 sur le march\u00e9 ouvert au niveau mondial<br \/>\nCes succ\u00e8s s\u2019appuient principalement sur la reconnaissance par les plus grands op\u00e9rateurs mondiaux de la nouvelle ligne de produits enti\u00e8rement reconfigurable en orbite Space Inspire (INstant SPace In-orbit REconfiguration) de Thales Alenia Space avec l\u2019attribution des satellites Intelsat 41 (IS-41) et Intelsat 44 (IS-44), ARABSAT-7A, SES-26 et Eutelsat Flexsat.<br \/>\nThales Alenia Space poursuit sa collaboration avec Eutelsat en apportant la solution de connectivit\u00e9 au sol SpaceGate pour le satellite EUTELSAT KONNECT VHTS, permettant d\u2019accro\u00eetre significativement les performances du segment sol du satellite. Notre soci\u00e9t\u00e9 fournira \u00e9galement le satellite KOREASAT-6A \u00e0 KTSAT en Cor\u00e9e du sud.<\/p>\n<p><strong>L\u2019Espace pour Explorer: <\/strong><strong>Une ann\u00e9e plac\u00e9e sous le signe du retour de l\u2019Homme sur la Lune<\/strong><\/p>\n<p><img loading=\"lazy\" decoding=\"async\" class=\"alignnone wp-image-348\" src=\"https:\/\/france.spacerenaissance.space\/wp-content\/uploads\/2023\/01\/Orion_and_European_Service_Module_over_the_Moon-300x169.jpg\" alt=\"\" width=\"641\" height=\"361\" srcset=\"https:\/\/france.spacerenaissance.space\/wp-content\/uploads\/2023\/01\/Orion_and_European_Service_Module_over_the_Moon-300x169.jpg 300w, https:\/\/france.spacerenaissance.space\/wp-content\/uploads\/2023\/01\/Orion_and_European_Service_Module_over_the_Moon-1024x576.jpg 1024w, https:\/\/france.spacerenaissance.space\/wp-content\/uploads\/2023\/01\/Orion_and_European_Service_Module_over_the_Moon-768x432.jpg 768w, https:\/\/france.spacerenaissance.space\/wp-content\/uploads\/2023\/01\/Orion_and_European_Service_Module_over_the_Moon-1536x864.jpg 1536w, https:\/\/france.spacerenaissance.space\/wp-content\/uploads\/2023\/01\/Orion_and_European_Service_Module_over_the_Moon-2048x1151.jpg 2048w\" sizes=\"auto, (max-width: 641px) 100vw, 641px\" \/><\/p>\n<h6 style=\"text-align: right;\"><em>Orion \u00a9 ESA<\/em><\/h6>\n<p class=\"text-align-justify\">Cette ann\u00e9e a \u00e9t\u00e9 marqu\u00e9e par le succ\u00e8s du lancement de la mission Artemis I de la NASA qui pr\u00e9voit de s\u00e9journer durablement sur la Lune. Thales Alenia Space a contribu\u00e9 aux technologies cl\u00e9s du module de service europ\u00e9en de la\u00a0 capsule Orion, d\u00e9velopp\u00e9 sous contrat de l\u2019Agence Spatiale Europ\u00e9enne (ESA). Le vaisseau sera utilis\u00e9 pour des missions spatiales habit\u00e9es \u00e0 destination de la Lune et de l\u2019espace lointain. Thales Alenia Space poursuit \u00e9galement le d\u00e9veloppement des modules HALO, ESPRIT et I-HAB de la station spatiale lunaire.<\/p>\n<p>En parall\u00e8le, l\u2019entreprise a sign\u00e9 un contrat d&#8217;\u00e9tude avec l\u2019ESA portant sur le d\u00e9veloppement d\u2019une charge utile d&#8217;extraction d&#8217;oxyg\u00e8ne \u00e0 partir de roche lunaire. Ce contrat devra valider la capacit\u00e9 de production d&#8217;oxyg\u00e8ne in situ dans les quantit\u00e9s requises par les futures colonies lunaires.<\/p>\n<p class=\"text-align-justify\"><strong>L\u2019Espace pour Observer et Prot\u00e9ger : pour une Observation durable, au service des citoyens<\/strong><\/p>\n<p class=\"text-align-justify\">En 2022, Thales Alenia Space a sign\u00e9 la 2e tranche pour les missions CO2M, CRISTAL, CHIME, CIMR et ROSE L de Copernicus, principal programme d&#8217;observation de la Terre par satellite de la Commission europ\u00e9enne et un programme cl\u00e9 de l&#8217;Agence spatiale europ\u00e9enne (ESA) dans ce domaine.<\/p>\n<p class=\"text-align-justify\"><strong>L\u2019Espace pour Voyager et Naviguer : Thales Alenia Space \u00e0 l\u2019avant-garde de la navigation par satellite en Europe<\/strong><\/p>\n<p>Thales Alenia Space a sign\u00e9 un contrat avec l\u2019Agence de l\u2019Union europ\u00e9enne pour le Programme spatial (EUSPA) visant \u00e0 d\u00e9velopper, qualifier et d\u00e9ployer la nouvelle version d\u2019EGNOS, le syst\u00e8me europ\u00e9en de navigation par satellite. Thales Alenia Space a \u00e9galement franchi un nouveau jalon dans le cadre du programme Galileo, avec l\u2019int\u00e9gration d\u2019un nouveau satellite au segment sol de mission GMS (Ground Mission Segment) de Galileo, qui permettra d\u2019am\u00e9liorer le service de positionnement au profit de 3,3 milliards d\u2019utilisateurs.<\/p>\n<p class=\"text-align-justify\"><strong>L\u2019Espace pour S\u00e9curiser et D\u00e9fendre : poursuite du d\u00e9veloppement du syst\u00e8me de t\u00e9l\u00e9communications s\u00e9curis\u00e9es au service du Minist\u00e8re italien de la D\u00e9fense<\/strong><\/p>\n<p>Thales Alenia Space et Telespazio ont sign\u00e9 une deuxi\u00e8me tranche du contrat avec le Minist\u00e8re Italien de la D\u00e9fense portant sur la poursuite du d\u00e9veloppement du syst\u00e8me de t\u00e9l\u00e9communications s\u00e9curis\u00e9es par satellite SICRAL 3 et du segment sol associ\u00e9. Le programme italien de syst\u00e8me de t\u00e9l\u00e9communications s\u00e9curis\u00e9es et d\u2019alertes avanc\u00e9es SICRAL se compose de deux satellites g\u00e9ostationnaires d\u00e9di\u00e9s aux liaisons strat\u00e9giques et tactiques, en appui des op\u00e9rations militaires, \u00e0 la fois en Italie et ailleurs dans le monde.<\/p>\n<p class=\"text-align-justify\"><strong>Douze lancements clefs embarquant les technologies Thales Alenia Space en 2022 pour des missions embl\u00e9matiques, notamment au service de la connectivit\u00e9 et du climat<\/strong><\/p>\n<p><img loading=\"lazy\" decoding=\"async\" class=\"alignnone wp-image-346\" src=\"https:\/\/france.spacerenaissance.space\/wp-content\/uploads\/2023\/01\/solar-array-deployment_swot_vx-3745_mid-high_0-300x200.jpg\" alt=\"\" width=\"636\" height=\"424\" srcset=\"https:\/\/france.spacerenaissance.space\/wp-content\/uploads\/2023\/01\/solar-array-deployment_swot_vx-3745_mid-high_0-300x200.jpg 300w, https:\/\/france.spacerenaissance.space\/wp-content\/uploads\/2023\/01\/solar-array-deployment_swot_vx-3745_mid-high_0-1024x681.jpg 1024w, https:\/\/france.spacerenaissance.space\/wp-content\/uploads\/2023\/01\/solar-array-deployment_swot_vx-3745_mid-high_0-768x511.jpg 768w, https:\/\/france.spacerenaissance.space\/wp-content\/uploads\/2023\/01\/solar-array-deployment_swot_vx-3745_mid-high_0-1536x1021.jpg 1536w, https:\/\/france.spacerenaissance.space\/wp-content\/uploads\/2023\/01\/solar-array-deployment_swot_vx-3745_mid-high_0.jpg 1624w\" sizes=\"auto, (max-width: 636px) 100vw, 636px\" \/><\/p>\n<h6 style=\"text-align: right;\">SWOT \u00a9 Thales Alenia Space\/Imag[IN]<\/h6>\n<ul>\n<li style=\"text-align: left;\">6 satellites de t\u00e9l\u00e9communications : Omnispace Spark-1&#x2122;, Omnispace Spark-2&#x2122;, SES-22, NILESAT 301, EUTELSAT KONNECT VHTS et EUTELSAT 10B<\/li>\n<li>3 satellites d\u2019observation : 2\u00e8me satellite COSMO SkyMed de Seconde G\u00e9n\u00e9ration, MTG-I1 (1er satellite imageur Meteosat Troisi\u00e8me G\u00e9n\u00e9ration-) et SWOT (Surface Water and Ocean Topography)<\/li>\n<li>3 vaisseaux dans l\u2019exploration : deux vaisseaux ravitailleurs Cygnus \u00e0 destination de la Station Spatiale Internationale (ISS) et la capsule Orion dont Thales Alenia Space est un contributeur clef du module de service europ\u00e9en.<\/li>\n<\/ul>\n<p><strong>Le d\u00e9veloppement commercial de l\u2019orbite basse: contrat d\u2019\u00e9tude Skimsat et alliance avec Space Cargo Unlimited pour d\u00e9velopper le v\u00e9hicule REV1<\/strong><\/p>\n<p><img loading=\"lazy\" decoding=\"async\" class=\"alignnone wp-image-343\" src=\"https:\/\/france.spacerenaissance.space\/wp-content\/uploads\/2023\/01\/rev1-space-cargo-unlimited-300x169.jpg\" alt=\"\" width=\"637\" height=\"359\" srcset=\"https:\/\/france.spacerenaissance.space\/wp-content\/uploads\/2023\/01\/rev1-space-cargo-unlimited-300x169.jpg 300w, https:\/\/france.spacerenaissance.space\/wp-content\/uploads\/2023\/01\/rev1-space-cargo-unlimited-1024x576.jpg 1024w, https:\/\/france.spacerenaissance.space\/wp-content\/uploads\/2023\/01\/rev1-space-cargo-unlimited-768x432.jpg 768w, https:\/\/france.spacerenaissance.space\/wp-content\/uploads\/2023\/01\/rev1-space-cargo-unlimited-1536x864.jpg 1536w, https:\/\/france.spacerenaissance.space\/wp-content\/uploads\/2023\/01\/rev1-space-cargo-unlimited-2048x1152.jpg 2048w\" sizes=\"auto, (max-width: 637px) 100vw, 637px\" \/><\/p>\n<h6 style=\"text-align: right;\">REV1 \u00a9 Space Cargo Unlimited<\/h6>\n<p>Thales Alenia Space et QinetiQ ouvrent la voie des nanosatellites multimissions en tr\u00e8s basse orbite terrestre en signant un contrat d\u2019\u00e9tude avec l\u2019ESA pour Skimsat, un concept disruptif visant \u00e0 r\u00e9duire le co\u00fbt des satellites d\u2019observation de la Terre et une avanc\u00e9e suppl\u00e9mentaire pour les initiatives du New Space.<br \/>\nThales Alenia Space et Space Cargo Unlimited, ont annonc\u00e9 la signature de la premi\u00e8re phase du contrat de conception et de production du v\u00e9hicule \u201cREV1\u201d, la premi\u00e8re usine de l&#8217;espace. En tant que ma\u00eetre d\u2019\u0153uvre, Thales Alenia Space sera responsable de la conception, de l\u2019ing\u00e9nierie et du d\u00e9veloppement du v\u00e9hicule REV1. Space Cargo Unlimited sera le propri\u00e9taire et exploitant commercial du v\u00e9hicule.<\/p>\n<p><strong>L\u2019Espace durable : <\/strong><strong>Thales Alenia Space pionnier de l\u2019On-Orbit Servicing et leader du consortium menant l\u2019\u00e9tude de faisabilit\u00e9 ASCEND<\/strong><br \/>\nThales Alenia Space et ses partenaires ont \u00e9t\u00e9 s\u00e9lectionn\u00e9s par la Commission europ\u00e9enne pour mener le programme EROSS IOD (European Robotic Orbital Support Services In Orbit Demonstrator) d\u00e9di\u00e9 aux services en orbite, ou \u00ab On-Orbit Servicing \u00bb. Ce programme vise \u00e0 d\u00e9ployer des technologies avanc\u00e9es de robotiques spatiales pour rendre l\u2019utilisation de l\u2019espace plus durable, en prolongeant la dur\u00e9e de vie des satellites, en am\u00e9liorant leurs performances et en r\u00e9duisant les d\u00e9bris spatiaux.<br \/>\nAlors que l\u2019empreinte environnementale du num\u00e9rique devient un enjeu majeur, Thales Alenia Space a \u00e9t\u00e9 s\u00e9lectionn\u00e9e par la Commission europ\u00e9enne pour mener l\u2019\u00e9tude de faisabilit\u00e9 ASCEND, portant sur l\u2019installation de data centers en orbite. Ce projet pourrait contribuer \u00e0 l\u2019objectif Green Deal de neutralit\u00e9 carbone d\u2019ici 2050 et constituerait un d\u00e9veloppement sans pr\u00e9c\u00e9dent de l\u2019\u00e9cosyst\u00e8me du spatial et du digital europ\u00e9en.<\/p>\n<p>Thales Alenia Space a sign\u00e9 un contrat avec ArianeGroup pour la production de la cha\u00eene de sauvegarde du lanceur Ariane 6<br \/>\nLa fonction principale de la cha\u00eene de sauvegarde est de neutraliser le lanceur dans le cas o\u00f9 la trajectoire suivie mettrait en p\u00e9ril des personnes ou des biens. Les bo\u00eetiers \u00e9lectroniques qui constituent le c\u0153ur du syst\u00e8me de sauvegarde sont int\u00e9gralement con\u00e7us et r\u00e9alis\u00e9s par Thales Alenia Space en Belgique.<\/p>\n<p><strong>Thales Alenia Space, p\u00e9pini\u00e8re de talents<\/strong><br \/>\nApr\u00e8s avoir accueilli Thomas Pesquet pour son stage de fin d\u2019\u00e9tudes en 2001 sur le site de Thales Alenia Space \u00e0 Cannes, c\u2019est d\u00e9sormais au tour d\u2019Anthea Comellini, \u00e9galement ing\u00e9nieure au sein de Thales Alenia Space, d\u2019\u00eatre s\u00e9lectionn\u00e9e par l\u2019ESA en tant qu\u2019astronaute r\u00e9serviste parmi 22 500 candidats. Thales Alenia Space suscite d\u00e9cid\u00e9ment des vocations d\u2019astronautes !<\/p>\n<p><strong>A propos de THALES ALENIA SPACE<\/strong><br \/>\nCombinant plus de quarante ans d\u2019exp\u00e9rience et une diversit\u00e9 unique en termes d\u2019expertise, de talents et de cultures, les architectes de Thales Alenia Space con\u00e7oivent et d\u00e9livrent des solutions innovantes pour les t\u00e9l\u00e9communications, la navigation, l\u2019observation de la Terre et la gestion de l\u2019environnement, l\u2019exploration, les sciences et les infrastructures orbitales. Les institutions, gouvernements et entreprises comptent sur Thales Alenia Space afin de concevoir, r\u00e9aliser et livrer des syst\u00e8mes satellitaires : pour g\u00e9olocaliser et connecter les personnes et les objets partout dans le monde ; observer notre Plan\u00e8te ; optimiser l&#8217;utilisation des ressources de la Terre et celles de notre Syst\u00e8me solaire. Thales Alenia Space a la conviction que l\u2019espace apporte une nouvelle dimension \u00e0 l\u2019humanit\u00e9 pour b\u00e2tir une vie meilleure et durable sur Terre. Soci\u00e9t\u00e9 commune entre Thales (67 %) et Leonardo (33 %), Thales Alenia Space forme \u00e9galement la Space Alliance avec Telespazio pour proposer une offre compl\u00e8te de solutions incluant les services. Thales Alenia Space a r\u00e9alis\u00e9 un chiffre d&#8217;affaires d\u2019environ 2,150 milliards d\u2019euros en 2021 et emploie environ 8000 personnes dans 10 pays, avec 17 sites en Europe et une usine aux \u00c9tats-Unis.<\/p>\n<h6 style=\"text-align: right;\">THALES ALENIA SPACE \u2013 Service de presse<\/h6>\n","protected":false},"excerpt":{"rendered":"<p>Cannes, le 4 janvier 2023 \u2013 L\u2019ann\u00e9e 2022 a \u00e9t\u00e9 d\u00e9cisive pour l\u2019avenir du spatial, marqu\u00e9e \u00e0 la fois par une croissance du secteur dans le domaine commercial, mais aussi par la dynamique impuls\u00e9e par les \u00c9tats et les grandes &hellip; <a href=\"https:\/\/france.spacerenaissance.space\/?page_id=339\">Continue reading <span class=\"meta-nav\">&rarr;<\/span><\/a><\/p>\n","protected":false},"author":2,"featured_media":0,"parent":0,"menu_order":0,"comment_status":"closed","ping_status":"closed","template":"","meta":{"footnotes":""},"class_list":["post-339","page","type-page","status-publish","hentry"],"_links":{"self":[{"href":"https:\/\/france.spacerenaissance.space\/index.php?rest_route=\/wp\/v2\/pages\/339","targetHints":{"allow":["GET"]}}],"collection":[{"href":"https:\/\/france.spacerenaissance.space\/index.php?rest_route=\/wp\/v2\/pages"}],"about":[{"href":"https:\/\/france.spacerenaissance.space\/index.php?rest_route=\/wp\/v2\/types\/page"}],"author":[{"embeddable":true,"href":"https:\/\/france.spacerenaissance.space\/index.php?rest_route=\/wp\/v2\/users\/2"}],"replies":[{"embeddable":true,"href":"https:\/\/france.spacerenaissance.space\/index.php?rest_route=%2Fwp%2Fv2%2Fcomments&post=339"}],"version-history":[{"count":10,"href":"https:\/\/france.spacerenaissance.space\/index.php?rest_route=\/wp\/v2\/pages\/339\/revisions"}],"predecessor-version":[{"id":345,"href":"https:\/\/france.spacerenaissance.space\/index.php?rest_route=\/wp\/v2\/pages\/339\/revisions\/345"}],"wp:attachment":[{"href":"https:\/\/france.spacerenaissance.space\/index.php?rest_route=%2Fwp%2Fv2%2Fmedia&parent=339"}],"curies":[{"name":"wp","href":"https:\/\/api.w.org\/{rel}","templated":true}]}}