{"id":329,"date":"2023-01-16T11:24:22","date_gmt":"2023-01-16T11:24:22","guid":{"rendered":"https:\/\/france.spacerenaissance.space\/?page_id=329"},"modified":"2023-01-16T11:24:22","modified_gmt":"2023-01-16T11:24:22","slug":"le-centre-spatial-esrange","status":"publish","type":"page","link":"https:\/\/france.spacerenaissance.space\/?page_id=329","title":{"rendered":"Le Centre spatial Esrange"},"content":{"rendered":"<p>Le Centre spatial Esrange est situ\u00e9 dans le nord de la Su\u00e8de. C&#8217;est le premier complexe de lancement de satellites en Europe continentale. Il a \u00e9t\u00e9 inaugur\u00e9 le vendredi 13 Janvier 2023 en pr\u00e9sence du roi Carl XVI Gustaf de Su\u00e8de, du Premier ministre Ulf Kristersson et de la pr\u00e9sidente de la Commission europ\u00e9enne Ursula von der Leyen..<br \/>\n<em>&#8220;L&#8217;Europe a son pied dans l&#8217;espace et va le garder&#8221;<\/em>, a d\u00e9clar\u00e9 Mme von der Leyen, en visite en Su\u00e8de pour marquer le d\u00e9but de la pr\u00e9sidence de ce pays pour six mois \u00e0 la t\u00eate du Conseil de l&#8217;Union europ\u00e9enne (UE). Selon Stefan Gardefjord, directeur g\u00e9n\u00e9ral de la Swedish Space Corporation (SSC)&#8230;<em>&#8220;Ce nouveau complexe de lancement contribuera \u00e0 poser les bases d&#8217;une Europe r\u00e9siliente dans l&#8217;espace. Les nouvelles constellations de satellites en orbite, les capacit\u00e9s de lancement r\u00e9actif et le d\u00e9veloppement de fus\u00e9es r\u00e9utilisables offriront la s\u00e9curit\u00e9, la comp\u00e9titivit\u00e9 et le d\u00e9veloppement durable \u00e0 l&#8217;Europe&#8221;<\/em>. Cette nouvelle installation de lancement orbital est pour l&#8217;Europe un atout d&#8217;importance critique attendu depuis longtemps. Seuls une dizaine de pays au monde ont actuellement une capacit\u00e9 de lancement de satellites. Le <em>&#8220;port spatial Esrange&#8221;<\/em> offrira un acc\u00e8s europ\u00e9en ind\u00e9pendant \u00e0 l&#8217;espace, compl\u00e9tant et renfor\u00e7ant les capacit\u00e9s europ\u00e9ennes existantes en Guyane fran\u00e7aise. Le premier lancement de satellite sur ce site est pr\u00e9vu pour fin 2023.<\/p>\n","protected":false},"excerpt":{"rendered":"<p>Le Centre spatial Esrange est situ\u00e9 dans le nord de la Su\u00e8de. C&#8217;est le premier complexe de lancement de satellites en Europe continentale. Il a \u00e9t\u00e9 inaugur\u00e9 le vendredi 13 Janvier 2023 en pr\u00e9sence du roi Carl XVI Gustaf de &hellip; <a href=\"https:\/\/france.spacerenaissance.space\/?page_id=329\">Continue reading <span class=\"meta-nav\">&rarr;<\/span><\/a><\/p>\n","protected":false},"author":2,"featured_media":0,"parent":0,"menu_order":0,"comment_status":"closed","ping_status":"closed","template":"","meta":{"footnotes":""},"class_list":["post-329","page","type-page","status-publish","hentry"],"_links":{"self":[{"href":"https:\/\/france.spacerenaissance.space\/index.php?rest_route=\/wp\/v2\/pages\/329","targetHints":{"allow":["GET"]}}],"collection":[{"href":"https:\/\/france.spacerenaissance.space\/index.php?rest_route=\/wp\/v2\/pages"}],"about":[{"href":"https:\/\/france.spacerenaissance.space\/index.php?rest_route=\/wp\/v2\/types\/page"}],"author":[{"embeddable":true,"href":"https:\/\/france.spacerenaissance.space\/index.php?rest_route=\/wp\/v2\/users\/2"}],"replies":[{"embeddable":true,"href":"https:\/\/france.spacerenaissance.space\/index.php?rest_route=%2Fwp%2Fv2%2Fcomments&post=329"}],"version-history":[{"count":1,"href":"https:\/\/france.spacerenaissance.space\/index.php?rest_route=\/wp\/v2\/pages\/329\/revisions"}],"predecessor-version":[{"id":330,"href":"https:\/\/france.spacerenaissance.space\/index.php?rest_route=\/wp\/v2\/pages\/329\/revisions\/330"}],"wp:attachment":[{"href":"https:\/\/france.spacerenaissance.space\/index.php?rest_route=%2Fwp%2Fv2%2Fmedia&parent=329"}],"curies":[{"name":"wp","href":"https:\/\/api.w.org\/{rel}","templated":true}]}}