{"id":255,"date":"2023-01-13T06:53:39","date_gmt":"2023-01-13T06:53:39","guid":{"rendered":"https:\/\/france.spacerenaissance.space\/?page_id=255"},"modified":"2023-01-13T06:54:59","modified_gmt":"2023-01-13T06:54:59","slug":"agences-spatiales","status":"publish","type":"page","link":"https:\/\/france.spacerenaissance.space\/?page_id=255","title":{"rendered":"Agences spatiales"},"content":{"rendered":"<p>Une agence spatiale est un organisme national ou supranational charg\u00e9 de coordonner tout ou partie de l&#8217;activit\u00e9 spatiale d&#8217;un pays ou d&#8217;un groupe de pays ayant d\u00e9cid\u00e9 de mutualiser certaines de leurs activit\u00e9s spatiales. Le d\u00e9veloppement de l&#8217;activit\u00e9 spatiale est dans les ann\u00e9es 1950 pris en charge par les institutions militaires car elle r\u00e9sulte directement de la mise au point des missiles balistiques. En 1958, le gouvernement am\u00e9ricain d\u00e9cide de cr\u00e9er la premi\u00e8re agence spatiale, la NASA, \u00e0 qui sont confi\u00e9es toutes les activit\u00e9s spatiales r\u00e9pondant \u00e0 des fins civiles. L&#8217;objectif est d&#8217;am\u00e9liorer l&#8217;efficacit\u00e9 des projets dont la responsabilit\u00e9 est jusque-l\u00e0 dispers\u00e9e entre plusieurs acteurs (Arm\u00e9e de l&#8217;Air, Arm\u00e9e de Terre, Marine de guerre, instituts de recherche), afin de rattraper le retard pris sur l&#8217;Union sovi\u00e9tique mais \u00e9galement de d\u00e9velopper les applications potentielles techniques ou scientifiques. Alors qu&#8217;en URSS, l&#8217;autre grande puissance spatiale de l&#8217;\u00e9poque, les militaires restent aux commandes, la France cr\u00e9e \u00e0 son tour en 1961 une agence spatiale d\u00e9di\u00e9e, le Centre national d&#8217;\u00e9tudes spatiales (CNES), qui va se consacrer d&#8217;abord au d\u00e9veloppement du premier lanceur fran\u00e7ais. En 1964, le Japon cr\u00e9e une premi\u00e8re agence, l&#8217;ISAS, dont l&#8217;activit\u00e9 est uniquement scientifique. Une deuxi\u00e8me agence nationale, la NASDA est cr\u00e9\u00e9e en 1969 pour les applications spatiales. Chacune d\u00e9veloppe ses propres lanceurs avant leur fusion en 1993 au sein de la JAXA. L&#8217;Inde cr\u00e9e son agence spatiale, l&#8217;ISRO, en 1965. Dans les ann\u00e9es 1960, les pays europ\u00e9ens les plus en pointe consacrent un budget relativement modique \u00e0 l&#8217;espace en comparaison des \u00c9tats-Unis et de l&#8217;Union sovi\u00e9tique. Ils d\u00e9cident de cr\u00e9er deux agences supranationales d&#8217;une part pour les missions scientifiques (ESRO), d&#8217;autre part pour le d\u00e9veloppement d&#8217;un lanceur et de satellites d&#8217;application (ELDO). Ces structures sont finalement regroup\u00e9es en 1973 dans l&#8217;Agence spatiale europ\u00e9enne (ESA). Au fur et \u00e0 mesure du d\u00e9veloppement de l&#8217;activit\u00e9 spatiale, les agences spatiales se sont d\u00e9sengag\u00e9es des activit\u00e9s devenues suffisamment matures pour \u00eatre confi\u00e9es \u00e0 des structures plus sp\u00e9cialis\u00e9es ou au secteur priv\u00e9 : t\u00e9l\u00e9communications spatiales, m\u00e9t\u00e9orologie spatiale, observation de la Terre, etc.<\/p>\n<p>R\u00f4le des agences spatiales<br \/>\nL&#8217;implication des agences spatiales est tr\u00e8s variable. Elles peuvent \u00eatre des structures tr\u00e8s l\u00e9g\u00e8res charg\u00e9es uniquement d&#8217;assurer la coh\u00e9rence de la politique spatiale en s\u00e9lectionnant les projets et en assurant le suivi de leur r\u00e9alisation ou, comme dans le cas du CNES et de la NASA, \u00eatre fortement impliqu\u00e9s dans la recherche, la conception et la r\u00e9alisation des lanceurs et des satellites. Les agences spatiales ont souvent \u00e9galement en charge la recherche dans le domaine a\u00e9ronautique : NASA, DLR en Allemagne, JAXA au Japon. Ce n&#8217;est pas le cas en France o\u00f9 cette recherche est confi\u00e9e \u00e0 l&#8217;Onera.<\/p>\n<ul>\n<li>NASA<\/li>\n<li>CNSA<\/li>\n<li>JAXA<\/li>\n<li>ASAL<\/li>\n<li>ASC \/ CSA<\/li>\n<li><a href=\"https:\/\/france.spacerenaissance.space\/?page_id=257\">UKSA<\/a><\/li>\n<li>UAESA<\/li>\n<li>ASE ou ESA<\/li>\n<li>ISA<\/li>\n<li>ISA (Isra\u00ebl)<\/li>\n<li>ASI<\/li>\n<li>DLR<\/li>\n<li>CNES<\/li>\n<li>ROSCOSMOS<\/li>\n<li>ISRO<\/li>\n<\/ul>\n","protected":false},"excerpt":{"rendered":"<p>Une agence spatiale est un organisme national ou supranational charg\u00e9 de coordonner tout ou partie de l&#8217;activit\u00e9 spatiale d&#8217;un pays ou d&#8217;un groupe de pays ayant d\u00e9cid\u00e9 de mutualiser certaines de leurs activit\u00e9s spatiales. Le d\u00e9veloppement de l&#8217;activit\u00e9 spatiale est &hellip; <a href=\"https:\/\/france.spacerenaissance.space\/?page_id=255\">Continue reading <span class=\"meta-nav\">&rarr;<\/span><\/a><\/p>\n","protected":false},"author":2,"featured_media":0,"parent":0,"menu_order":0,"comment_status":"closed","ping_status":"closed","template":"","meta":{"footnotes":""},"class_list":["post-255","page","type-page","status-publish","hentry"],"_links":{"self":[{"href":"https:\/\/france.spacerenaissance.space\/index.php?rest_route=\/wp\/v2\/pages\/255","targetHints":{"allow":["GET"]}}],"collection":[{"href":"https:\/\/france.spacerenaissance.space\/index.php?rest_route=\/wp\/v2\/pages"}],"about":[{"href":"https:\/\/france.spacerenaissance.space\/index.php?rest_route=\/wp\/v2\/types\/page"}],"author":[{"embeddable":true,"href":"https:\/\/france.spacerenaissance.space\/index.php?rest_route=\/wp\/v2\/users\/2"}],"replies":[{"embeddable":true,"href":"https:\/\/france.spacerenaissance.space\/index.php?rest_route=%2Fwp%2Fv2%2Fcomments&post=255"}],"version-history":[{"count":2,"href":"https:\/\/france.spacerenaissance.space\/index.php?rest_route=\/wp\/v2\/pages\/255\/revisions"}],"predecessor-version":[{"id":259,"href":"https:\/\/france.spacerenaissance.space\/index.php?rest_route=\/wp\/v2\/pages\/255\/revisions\/259"}],"wp:attachment":[{"href":"https:\/\/france.spacerenaissance.space\/index.php?rest_route=%2Fwp%2Fv2%2Fmedia&parent=255"}],"curies":[{"name":"wp","href":"https:\/\/api.w.org\/{rel}","templated":true}]}}