{"id":252,"date":"2023-01-13T06:36:55","date_gmt":"2023-01-13T06:36:55","guid":{"rendered":"https:\/\/france.spacerenaissance.space\/?page_id=252"},"modified":"2023-01-13T06:36:55","modified_gmt":"2023-01-13T06:36:55","slug":"lindustrie-spatiale","status":"publish","type":"page","link":"https:\/\/france.spacerenaissance.space\/?page_id=252","title":{"rendered":"L&#8217;industrie spatiale"},"content":{"rendered":"<p>L&#8217;industrie spatiale est la composante de l&#8217;industrie sp\u00e9cialis\u00e9e dans le secteur spatial. Elle concerne la fabrication de tout ou partie d&#8217;un \u00e9l\u00e9ment d&#8217;un syst\u00e8me spatial : v\u00e9hicule spatial, tel que satellite artificiel, lanceur&#8230;. Elle est constitu\u00e9e des entreprises industrielles du secteur priv\u00e9 r\u00e9pondant \u00e0 la commande des agences gouvernementales d\u00e9veloppant des programmes spatiaux. L&#8217;industrie spatiale diff\u00e8re du secteur a\u00e9ronautique et spatial par le type de produits fabriqu\u00e9s et par son march\u00e9 (agences spatiales, op\u00e9rateurs\u2026) Ses principaux acteurs sont aujourd&#8217;hui soit des entreprises travaillant uniquement pour le secteur spatial, soit des branches d&#8217;entreprises des secteurs de l&#8217;a\u00e9ronautique (EADS, Boeing\u2026) et de la d\u00e9fense (Thales\u2026). Elle s&#8217;en distingue notamment par la qualit\u00e9 des produits qui y sont r\u00e9alis\u00e9s, r\u00e9pondant \u00e0 des normes strictes pour supporter l&#8217;environnement spatial, et \u00e9tant qualifi\u00e9s \u00ab Espace \u00bb. On trouve d\u00e9j\u00e0 un tr\u00e8s haut niveau de qualit\u00e9 dans l&#8217;industrie a\u00e9ronautique du fait de son devoir de s\u00e9curit\u00e9 pour le transport de personnes. Les avions ont des \u00e9quipements fiables souvent redond\u00e9s et si l&#8217;un tombe en panne au cours d&#8217;un vol, il est remplac\u00e9 lors de l&#8217;escale suivante. Pour un \u00e9quipement spatial, c&#8217;est impossible : il n&#8217;y a pas de d\u00e9panneur de l&#8217;Espace.(Source: wikipedia)<\/p>\n","protected":false},"excerpt":{"rendered":"<p>L&#8217;industrie spatiale est la composante de l&#8217;industrie sp\u00e9cialis\u00e9e dans le secteur spatial. Elle concerne la fabrication de tout ou partie d&#8217;un \u00e9l\u00e9ment d&#8217;un syst\u00e8me spatial : v\u00e9hicule spatial, tel que satellite artificiel, lanceur&#8230;. Elle est constitu\u00e9e des entreprises industrielles du &hellip; <a href=\"https:\/\/france.spacerenaissance.space\/?page_id=252\">Continue reading <span class=\"meta-nav\">&rarr;<\/span><\/a><\/p>\n","protected":false},"author":2,"featured_media":0,"parent":0,"menu_order":0,"comment_status":"closed","ping_status":"closed","template":"","meta":{"footnotes":""},"class_list":["post-252","page","type-page","status-publish","hentry"],"_links":{"self":[{"href":"https:\/\/france.spacerenaissance.space\/index.php?rest_route=\/wp\/v2\/pages\/252","targetHints":{"allow":["GET"]}}],"collection":[{"href":"https:\/\/france.spacerenaissance.space\/index.php?rest_route=\/wp\/v2\/pages"}],"about":[{"href":"https:\/\/france.spacerenaissance.space\/index.php?rest_route=\/wp\/v2\/types\/page"}],"author":[{"embeddable":true,"href":"https:\/\/france.spacerenaissance.space\/index.php?rest_route=\/wp\/v2\/users\/2"}],"replies":[{"embeddable":true,"href":"https:\/\/france.spacerenaissance.space\/index.php?rest_route=%2Fwp%2Fv2%2Fcomments&post=252"}],"version-history":[{"count":1,"href":"https:\/\/france.spacerenaissance.space\/index.php?rest_route=\/wp\/v2\/pages\/252\/revisions"}],"predecessor-version":[{"id":253,"href":"https:\/\/france.spacerenaissance.space\/index.php?rest_route=\/wp\/v2\/pages\/252\/revisions\/253"}],"wp:attachment":[{"href":"https:\/\/france.spacerenaissance.space\/index.php?rest_route=%2Fwp%2Fv2%2Fmedia&parent=252"}],"curies":[{"name":"wp","href":"https:\/\/api.w.org\/{rel}","templated":true}]}}