{"id":232,"date":"2023-01-12T14:27:02","date_gmt":"2023-01-12T14:27:02","guid":{"rendered":"https:\/\/france.spacerenaissance.space\/?page_id=232"},"modified":"2023-01-13T07:32:39","modified_gmt":"2023-01-13T07:32:39","slug":"virgin-orbit","status":"publish","type":"page","link":"https:\/\/france.spacerenaissance.space\/?page_id=232","title":{"rendered":"Virgin Orbit"},"content":{"rendered":"<p>Virgin Orbit est une soci\u00e9t\u00e9 du groupe Virgin qui fournit des services de lancement de petits satellites. Le 17 janvier 2021, leur fus\u00e9e LauncherOne a atteint avec succ\u00e8s l&#8217;orbite pour la premi\u00e8re fois et a d\u00e9ploy\u00e9 avec succ\u00e8s 10 cubesats.<\/p>\n<p><a name=\"cite_ref-101\"><\/a><a name=\"cite_ref-10\"><\/a> <span style=\"color: #000000;\"><span style=\"font-family: Arial, sans-serif;\"><span style=\"font-size: small;\">Pour <\/span><\/span><\/span><span style=\"color: #000000;\"><span style=\"font-family: Arial, sans-serif;\"><span style=\"font-size: small;\">son<\/span><\/span><\/span><span style=\"color: #000000;\"><span style=\"font-family: Arial, sans-serif;\"><span style=\"font-size: small;\"> premier vol d&#8217;essai orbital de Virgin Orbit, l&#8217;avion porteur Cosmic Girl <\/span><\/span><\/span><span style=\"color: #000000;\"><span style=\"font-family: Arial, sans-serif;\"><span style=\"font-size: small;\">avait <\/span><\/span><\/span><span style=\"color: #000000;\"><span style=\"font-family: Arial, sans-serif;\"><span style=\"font-size: small;\">d\u00e9coll<\/span><\/span><\/span><span style=\"color: #000000;\"><span style=\"font-family: Arial, sans-serif;\"><span style=\"font-size: small;\">\u00e9<\/span><\/span><\/span><span style=\"color: #000000;\"><span style=\"font-family: Arial, sans-serif;\"><span style=\"font-size: small;\"> du Mojave Air and Space Port avant de traverser l&#8217;oc\u00e9an Pacifique. Apr\u00e8s avoir atteint le point de chute &#8211; \u00e0 environ 50 miles au sud des \u00eeles anglo-normandes &#8211; Cosmic Girl <\/span><\/span><\/span><span style=\"color: #000000;\"><span style=\"font-family: Arial, sans-serif;\"><span style=\"font-size: small;\">avait largu\u00e9 <\/span><\/span><\/span><span style=\"color: #000000;\"><span style=\"font-family: Arial, sans-serif;\"><span style=\"font-size: small;\">le v\u00e9hicule LauncherOne \u00e0 deux \u00e9tages, qui <\/span><\/span><\/span><span style=\"color: #000000;\"><span style=\"font-family: Arial, sans-serif;\"><span style=\"font-size: small;\">avait <\/span><\/span><\/span><span style=\"color: #000000;\"><span style=\"font-family: Arial, sans-serif;\"><span style=\"font-size: small;\">allum<\/span><\/span><\/span><span style=\"color: #000000;\"><span style=\"font-family: Arial, sans-serif;\"><span style=\"font-size: small;\">\u00e9<\/span><\/span><\/span> <span style=\"color: #000000;\"><span style=\"font-family: Arial, sans-serif;\"><span style=\"font-size: small;\">son<\/span><\/span><\/span><span style=\"color: #000000;\"><span style=\"font-family: Arial, sans-serif;\"><span style=\"font-size: small;\"> moteur NewtonThree en chute libre pour la toute premi\u00e8re fois. Le vol s\u2019<\/span><\/span><\/span><span style=\"color: #000000;\"><span style=\"font-family: Arial, sans-serif;\"><span style=\"font-size: small;\">\u00e9tait <\/span><\/span><\/span><span style=\"color: #000000;\"><span style=\"font-family: Arial, sans-serif;\"><span style=\"font-size: small;\"> poursui<\/span><\/span><\/span><span style=\"color: #000000;\"><span style=\"font-family: Arial, sans-serif;\"><span style=\"font-size: small;\">vi<\/span><\/span><\/span><span style=\"color: #000000;\"><span style=\"font-family: Arial, sans-serif;\"><span style=\"font-size: small;\"> ensuite vers sa cible ultime d&#8217;orbite terrestre basse. <\/span><\/span><\/span><span style=\"color: #000000;\"><span style=\"font-family: Arial, sans-serif;\"><span style=\"font-size: small;\">C<\/span><\/span><\/span><span style=\"color: #000000;\"><span style=\"font-family: Arial, sans-serif;\"><span style=\"font-size: small;\">e vol <\/span><\/span><\/span><span style=\"color: #000000;\"><span style=\"font-family: Arial, sans-serif;\"><span style=\"font-size: small;\">\u00e9tait<\/span><\/span><\/span><span style=\"color: #000000;\"><span style=\"font-family: Arial, sans-serif;\"><span style=\"font-size: small;\"> le premier lancement a\u00e9rien d&#8217;un lanceur orbital \u00e0 carburant liquide.Le 25 mai 2020, le premier lancement de LauncherOne n&#8217;a<\/span><\/span><\/span><span style=\"color: #000000;\"><span style=\"font-family: Arial, sans-serif;\"><span style=\"font-size: small;\">vait <\/span><\/span><\/span><span style=\"color: #000000;\"><span style=\"font-family: Arial, sans-serif;\"><span style=\"font-size: small;\"> pas r\u00e9ussi \u00e0 atteindre l&#8217;orbite. <\/span><\/span><\/span><span style=\"color: #000000;\"><span style=\"font-family: Arial, sans-serif;\"><span style=\"font-size: small;\">Le\u00a017 janvier 2021, LauncherOne <\/span><\/span><\/span><span style=\"color: #000000;\"><span style=\"font-family: Arial, sans-serif;\"><span style=\"font-size: small;\">\u00e9tait <\/span><\/span><\/span><span style=\"color: #000000;\"><span style=\"font-family: Arial, sans-serif;\"><span style=\"font-size: small;\">devenu le premier v\u00e9hicule Virgin Orbit \u00e0 atteindre l&#8217;orbite, d\u00e9ployant avec succ\u00e8s 10\u00a0<\/span><\/span><\/span><a href=\"https:\/\/fr.wikipedia.org\/wiki\/CubeSat\"><span style=\"color: #000000;\"><span style=\"font-family: Arial, sans-serif;\"><span style=\"font-size: small;\">CubeSats<\/span><\/span><\/span><\/a><span style=\"color: #000000;\"><span style=\"font-family: Arial, sans-serif;\"><span style=\"font-size: small;\">\u00a0en\u00a0<\/span><\/span><\/span><a href=\"https:\/\/fr.wikipedia.org\/wiki\/Orbite_terrestre_basse\"><span style=\"color: #000000;\"><span style=\"font-family: Arial, sans-serif;\"><span style=\"font-size: small;\">orbite terrestre basse<\/span><\/span><\/span><\/a><span style=\"color: #000000;\"><span style=\"font-family: Arial, sans-serif;\"><span style=\"font-size: small;\">\u00a0pour la\u00a0<\/span><\/span><\/span><a href=\"https:\/\/fr.wikipedia.org\/wiki\/National_Aeronautics_and_Space_Administration\"><span style=\"color: #000000;\"><span style=\"font-family: Arial, sans-serif;\"><span style=\"font-size: small;\">NASA<\/span><\/span><\/span><\/a><span style=\"color: #000000;\"><span style=\"font-family: Arial, sans-serif;\"><span style=\"font-size: small;\">\u00a0lors de sa derni\u00e8re mission de d\u00e9monstration. LauncherOne a<\/span><\/span><\/span><span style=\"color: #000000;\"><span style=\"font-family: Arial, sans-serif;\"><span style=\"font-size: small;\">vait<\/span><\/span><\/span><span style=\"color: #000000;\"><span style=\"font-family: Arial, sans-serif;\"><span style=\"font-size: small;\"> \u00e9t\u00e9 d\u00e9ploy\u00e9 depuis l&#8217;aile gauche d&#8217;un un\u00a0<\/span><\/span><\/span><a href=\"https:\/\/fr.wikipedia.org\/wiki\/Boeing_747-400\"><span style=\"color: #000000;\"><span style=\"font-family: Arial, sans-serif;\"><span style=\"font-size: small;\">Boeing 747-400<\/span><\/span><\/span><\/a><span style=\"color: #000000;\"><span style=\"font-family: Arial, sans-serif;\"><span style=\"font-size: small;\">\u00a0modernis\u00e9, le Cosmic Girl, \u00e0 10\u00a0kilom\u00e8tres au-dessus de l&#8217;<\/span><\/span><\/span><a href=\"https:\/\/fr.wikipedia.org\/wiki\/Oc%C3%A9an_Pacifique\"><span style=\"color: #000000;\"><span style=\"font-family: Arial, sans-serif;\"><span style=\"font-size: small;\">oc\u00e9an Pacifique<\/span><\/span><\/span><\/a><span style=\"color: #000000;\"><span style=\"font-family: Arial, sans-serif;\"><span style=\"font-size: small;\">. La fus\u00e9e \u00e9tait d\u00e9di\u00e9e \u00e0 la m\u00e9moire d&#8217;Eve Branson, m\u00e8re de\u00a0<\/span><\/span><\/span><a href=\"https:\/\/fr.wikipedia.org\/wiki\/Richard_Branson\"><span style=\"color: #000000;\"><span style=\"font-family: Arial, sans-serif;\"><span style=\"font-size: small;\">Richard Branson<\/span><\/span><\/span><\/a><span style=\"color: #000000;\"><span style=\"font-family: Arial, sans-serif;\"><span style=\"font-size: small;\">, fondateur de Virgin, d\u00e9c\u00e9d\u00e9e de la\u00a0<\/span><\/span><\/span><a href=\"https:\/\/fr.wikipedia.org\/wiki\/Maladie_%C3%A0_coronavirus_2019\"><span style=\"color: #000000;\"><span style=\"font-family: Arial, sans-serif;\"><span style=\"font-size: small;\">Covid-19<\/span><\/span><\/span><\/a><span style=\"color: #000000;\"><span style=\"font-family: Arial, sans-serif;\"><span style=\"font-size: small;\">\u00a0le 8 janvier 2021. Le\u00a030 juin 2021, LauncherOne a<\/span><\/span><\/span><span style=\"color: #000000;\"><span style=\"font-family: Arial, sans-serif;\"><span style=\"font-size: small;\">vait<\/span><\/span><\/span><span style=\"color: #000000;\"><span style=\"font-family: Arial, sans-serif;\"><span style=\"font-size: small;\"> livr\u00e9 avec succ\u00e8s sa premi\u00e8re\u00a0<\/span><\/span><\/span><a href=\"https:\/\/fr.wikipedia.org\/wiki\/Charge_utile_(astronautique)\"><span style=\"color: #000000;\"><span style=\"font-family: Arial, sans-serif;\"><span style=\"font-size: small;\">charge utile<\/span><\/span><\/span><\/a><span style=\"color: #000000;\"><span style=\"font-family: Arial, sans-serif;\"><span style=\"font-size: small;\">\u00a0commerciale dans l&#8217;espace<\/span><\/span><\/span><span style=\"color: #000000;\"><span style=\"font-family: Arial, sans-serif;\"><span style=\"font-size: small;\">. <\/span><\/span><\/span><\/p>\n<p><span style=\"color: #000000;\"><span style=\"font-family: Arial, sans-serif;\"><span style=\"font-size: small;\">A<\/span><\/span><\/span><span style=\"color: #000000;\"><span style=\"font-family: Arial, sans-serif;\"><span style=\"font-size: small;\">ssur\u00e9e par la soci\u00e9t\u00e9 Virgin Orbit du milliardaire britannique Richard Branson, <\/span><\/span><\/span><span style=\"color: #000000;\"><span style=\"font-family: Arial, sans-serif;\"><span style=\"font-size: small;\">la mission <\/span><\/span><\/span><span style=\"color: #000000;\"><span style=\"font-family: Arial, sans-serif;\"><span style=\"font-size: small;\">du 09 Janvier 2023 <\/span><\/span><\/span><span style=\"color: #000000;\"><span style=\"font-family: Arial, sans-serif;\"><span style=\"font-size: small;\">baptis\u00e9e &#8220;Start Me Up&#8221; en r\u00e9f\u00e9rence au tube des Rolling Stones <\/span><\/span><\/span><span style=\"color: #000000;\"><span style=\"font-family: Arial, sans-serif;\"><span style=\"font-size: small;\">s&#8217;est sold\u00e9e par un \u00e9chec. <\/span><\/span><\/span><span style=\"color: #000000;\"><span style=\"font-family: Arial, sans-serif;\"><span style=\"font-size: small;\">Selon Virgin Orbit..<em>.<\/em><\/span><\/span><\/span><em><span style=\"color: #000000;\"><span style=\"font-family: Arial, sans-serif;\"><span style=\"font-size: small;\">&#8220;Il semble que nous ayons <\/span><\/span><\/span><span style=\"color: #000000;\"><span style=\"font-family: Arial, sans-serif;\"><span style=\"font-size: small;\">eu <\/span><\/span><\/span><span style=\"color: #000000;\"><span style=\"font-family: Arial, sans-serif;\"><span style=\"font-size: small;\">une anomalie qui nous <\/span><\/span><\/span><span style=\"color: #000000;\"><span style=\"font-family: Arial, sans-serif;\"><span style=\"font-size: small;\">a <\/span><\/span><\/span><span style=\"color: #000000;\"><span style=\"font-family: Arial, sans-serif;\"><span style=\"font-size: small;\">emp\u00each<\/span><\/span><\/span><span style=\"color: #000000;\"><span style=\"font-family: Arial, sans-serif;\"><span style=\"font-size: small;\">\u00e9<\/span><\/span><\/span><\/em><span style=\"color: #000000;\"><span style=\"font-family: Arial, sans-serif;\"><span style=\"font-size: small;\"><em> d&#8217;atteindre l&#8217;orbite&#8221;<\/em>. <\/span><\/span><\/span><span style=\"color: #000000;\"><span style=\"font-family: Arial, sans-serif;\"><span style=\"font-size: small;\">Cet \u00e9chec est d\u2019autant plus cuisant pour ses concepteurs qu\u2019elle <\/span><\/span><\/span><span style=\"color: #000000;\"><span style=\"font-family: Arial, sans-serif;\"><span style=\"font-size: small;\">devait catapulter le Royaume-Uni dans le club <em>&#8220;exclusif&#8221;<\/em> des pays <\/span><\/span><\/span><span style=\"color: #000000;\"><span style=\"font-family: Arial, sans-serif;\"><span style=\"font-size: small;\">ayant r\u00e9ussi \u00e0 <\/span><\/span><\/span><span style=\"color: #000000;\"><span style=\"font-family: Arial, sans-serif;\"><span style=\"font-size: small;\">mettre des satellites en orbite <\/span><\/span><\/span><span style=\"color: #000000;\"><span style=\"font-family: Arial, sans-serif;\"><span style=\"font-size: small;\">en <\/span><\/span><\/span><span style=\"color: #000000;\"><span style=\"font-family: Arial, sans-serif;\"><span style=\"font-size: small;\">deven<\/span><\/span><\/span><span style=\"color: #000000;\"><span style=\"font-family: Arial, sans-serif;\"><span style=\"font-size: small;\">ant<\/span><\/span><\/span><span style=\"color: #000000;\"><span style=\"font-family: Arial, sans-serif;\"><span style=\"font-size: small;\"> le neuvi\u00e8me pays du monde \u00e0 <\/span><\/span><\/span><span style=\"color: #000000;\"><span style=\"font-family: Arial, sans-serif;\"><span style=\"font-size: small;\">en <\/span><\/span><\/span><span style=\"color: #000000;\"><span style=\"font-family: Arial, sans-serif;\"><span style=\"font-size: small;\">\u00eatre capable . <em>&#8220;Rejoindre ce club tr\u00e8s exclusif de pays de lancements est tellement important car cela nous donne notre propre acc\u00e8s \u00e0 l&#8217;espace, cet acc\u00e8s souverain \u00e0 l&#8217;espace que nous n&#8217;avons jamais eu auparavant au Royaume-Uni&#8221;,<\/em> avait soulign\u00e9 avant le lancement sur la BBC Melissa Thorpe, directrice du Spaceport Cornwall, rappel<\/span><\/span><\/span><span style=\"color: #000000;\"><span style=\"font-family: Arial, sans-serif;\"><span style=\"font-size: small;\">ant<\/span><\/span><\/span><span style=\"color: #000000;\"><span style=\"font-family: Arial, sans-serif;\"><span style=\"font-size: small;\"> que l&#8217;Europe avait perdu son acc\u00e8s au lanceur russe Soyouz depuis l&#8217;invasion de l&#8217;Ukraine, compromettant son acc\u00e8s \u00e0 l&#8217;espace.. Le Boeing 747 <\/span><\/span><\/span><span style=\"color: #000000;\"><span style=\"font-family: Arial, sans-serif;\"><span style=\"font-size: small;\">modifi\u00e9 <\/span><\/span><\/span><span style=\"color: #000000;\"><span style=\"font-family: Arial, sans-serif;\"><span style=\"font-size: small;\">de Virgin Orbit transportant la fus\u00e9e de 21 m\u00e8tres avait d\u00e9coll\u00e9 <\/span><\/span><\/span><span style=\"color: #000000;\"><span style=\"font-family: Arial, sans-serif;\"><span style=\"font-size: small;\">le <\/span><\/span><\/span><span style=\"color: #000000;\"><span style=\"font-family: Arial, sans-serif;\"><span style=\"font-size: small;\">lundi <\/span><\/span><\/span><span style=\"color: #000000;\"><span style=\"font-family: Arial, sans-serif;\"><span style=\"font-size: small;\">09 Janvier 2023 dans la <\/span><\/span><\/span><span style=\"color: #000000;\"><span style=\"font-family: Arial, sans-serif;\"><span style=\"font-size: small;\">soir<\/span><\/span><\/span><span style=\"color: #000000;\"><span style=\"font-family: Arial, sans-serif;\"><span style=\"font-size: small;\">\u00e9e<\/span><\/span><\/span><span style=\"color: #000000;\"><span style=\"font-family: Arial, sans-serif;\"><span style=\"font-size: small;\"> depuis le Spaceport des Cornouailles, un consortium qui comprend Virgin Orbit et <\/span><\/span><\/span><span style=\"color: #000000;\"><span style=\"font-family: Arial, sans-serif;\"><span style=\"font-size: small;\"><i>UK Space Agency<\/i><\/span><\/span><\/span><span style=\"color: #000000;\"><span style=\"font-family: Arial, sans-serif;\"><span style=\"font-size: small;\"> , l&#8217;Agence spatiale britannique, \u00e0 l&#8217;a\u00e9roport de Newquay dans le sud-ouest de l&#8217;Angleterre. <\/span><\/span><\/span><span style=\"color: #000000;\"><span style=\"font-family: Arial, sans-serif;\"><span style=\"font-size: small;\">Le but de la mission \u00e9tait de lancer dans l&#8217;espace neuf satellites, ce qui aurait <\/span><\/span><\/span><span style=\"color: #000000;\"><span style=\"font-family: Arial, sans-serif;\"><span style=\"font-size: small;\">repr\u00e9sent\u00e9 <\/span><\/span><\/span><span style=\"color: #000000;\"><span style=\"font-family: Arial, sans-serif;\"><span style=\"font-size: small;\">une grande premi\u00e8re au Royaume-Uni. La fus\u00e9e s&#8217;est d\u00e9tach\u00e9e <\/span><\/span><\/span><span style=\"color: #000000;\"><span style=\"font-family: Arial, sans-serif;\"><span style=\"font-size: small;\">normalement <\/span><\/span><\/span><span style=\"color: #000000;\"><span style=\"font-family: Arial, sans-serif;\"><span style=\"font-size: small;\">de l&#8217;avion et ses moteurs se sont allum\u00e9s \u00e0 une hauteur de 35.000 pieds au-dessus de l&#8217;oc\u00e9an Atlantique, au sud de l&#8217;Irlande, vers 23h15, <\/span><\/span><\/span><span style=\"color: #000000;\"><span style=\"font-family: Arial, sans-serif;\"><span style=\"font-size: small;\">m<\/span><\/span><\/span><span style=\"color: #000000;\"><span style=\"font-family: Arial, sans-serif;\"><span style=\"font-size: small;\">ais &#8220;l&#8217;anomalie&#8221; de nature non pr\u00e9cis\u00e9e l&#8217;a emp\u00each\u00e9 d&#8217;atteindre l&#8217;orbite voulue. <\/span><\/span><\/span><\/p>\n<p>&nbsp;<\/p>\n<p><img loading=\"lazy\" decoding=\"async\" class=\"alignnone size-medium wp-image-240\" src=\"https:\/\/france.spacerenaissance.space\/wp-content\/uploads\/2023\/01\/logo-lauch-demo-virgin-orbit_InPixio-275x300.png\" alt=\"\" width=\"275\" height=\"300\" srcset=\"https:\/\/france.spacerenaissance.space\/wp-content\/uploads\/2023\/01\/logo-lauch-demo-virgin-orbit_InPixio-275x300.png 275w, https:\/\/france.spacerenaissance.space\/wp-content\/uploads\/2023\/01\/logo-lauch-demo-virgin-orbit_InPixio.png 382w\" sizes=\"auto, (max-width: 275px) 100vw, 275px\" \/><img loading=\"lazy\" decoding=\"async\" class=\"alignnone wp-image-238\" src=\"https:\/\/france.spacerenaissance.space\/wp-content\/uploads\/2023\/01\/launcher-virgin-232x300.jpg\" alt=\"\" width=\"241\" height=\"311\" srcset=\"https:\/\/france.spacerenaissance.space\/wp-content\/uploads\/2023\/01\/launcher-virgin-232x300.jpg 232w, https:\/\/france.spacerenaissance.space\/wp-content\/uploads\/2023\/01\/launcher-virgin.jpg 415w\" sizes=\"auto, (max-width: 241px) 100vw, 241px\" \/>=<img loading=\"lazy\" decoding=\"async\" class=\"alignnone size-medium wp-image-241\" src=\"https:\/\/france.spacerenaissance.space\/wp-content\/uploads\/2023\/01\/DB2A9299_org-300x200.jpg\" alt=\"\" width=\"300\" height=\"200\" srcset=\"https:\/\/france.spacerenaissance.space\/wp-content\/uploads\/2023\/01\/DB2A9299_org-300x200.jpg 300w, https:\/\/france.spacerenaissance.space\/wp-content\/uploads\/2023\/01\/DB2A9299_org-1024x683.jpg 1024w, https:\/\/france.spacerenaissance.space\/wp-content\/uploads\/2023\/01\/DB2A9299_org-768x512.jpg 768w, https:\/\/france.spacerenaissance.space\/wp-content\/uploads\/2023\/01\/DB2A9299_org-1536x1024.jpg 1536w, https:\/\/france.spacerenaissance.space\/wp-content\/uploads\/2023\/01\/DB2A9299_org-2048x1365.jpg 2048w\" sizes=\"auto, (max-width: 300px) 100vw, 300px\" \/><img loading=\"lazy\" decoding=\"async\" class=\"alignnone size-medium wp-image-243\" src=\"https:\/\/france.spacerenaissance.space\/wp-content\/uploads\/2023\/01\/P1029789_org-300x200.jpg\" alt=\"\" width=\"300\" height=\"200\" srcset=\"https:\/\/france.spacerenaissance.space\/wp-content\/uploads\/2023\/01\/P1029789_org-300x200.jpg 300w, https:\/\/france.spacerenaissance.space\/wp-content\/uploads\/2023\/01\/P1029789_org-1024x683.jpg 1024w, https:\/\/france.spacerenaissance.space\/wp-content\/uploads\/2023\/01\/P1029789_org-768x512.jpg 768w, https:\/\/france.spacerenaissance.space\/wp-content\/uploads\/2023\/01\/P1029789_org-1536x1024.jpg 1536w, https:\/\/france.spacerenaissance.space\/wp-content\/uploads\/2023\/01\/P1029789_org-2048x1365.jpg 2048w\" sizes=\"auto, (max-width: 300px) 100vw, 300px\" \/><\/p>\n<p><img loading=\"lazy\" decoding=\"async\" class=\"alignnone size-medium wp-image-244\" src=\"https:\/\/france.spacerenaissance.space\/wp-content\/uploads\/2023\/01\/Virgin-Orbits-manufacturing-facility-in-Long-Beach-California-as-seen-in-May-2020_-300x225.jpg\" alt=\"\" width=\"300\" height=\"225\" srcset=\"https:\/\/france.spacerenaissance.space\/wp-content\/uploads\/2023\/01\/Virgin-Orbits-manufacturing-facility-in-Long-Beach-California-as-seen-in-May-2020_-300x225.jpg 300w, https:\/\/france.spacerenaissance.space\/wp-content\/uploads\/2023\/01\/Virgin-Orbits-manufacturing-facility-in-Long-Beach-California-as-seen-in-May-2020_-1024x768.jpg 1024w, https:\/\/france.spacerenaissance.space\/wp-content\/uploads\/2023\/01\/Virgin-Orbits-manufacturing-facility-in-Long-Beach-California-as-seen-in-May-2020_-768x576.jpg 768w, https:\/\/france.spacerenaissance.space\/wp-content\/uploads\/2023\/01\/Virgin-Orbits-manufacturing-facility-in-Long-Beach-California-as-seen-in-May-2020_-1536x1152.jpg 1536w, https:\/\/france.spacerenaissance.space\/wp-content\/uploads\/2023\/01\/Virgin-Orbits-manufacturing-facility-in-Long-Beach-California-as-seen-in-May-2020_-2048x1536.jpg 2048w\" sizes=\"auto, (max-width: 300px) 100vw, 300px\" \/><img loading=\"lazy\" decoding=\"async\" class=\"alignnone size-medium wp-image-242\" src=\"https:\/\/france.spacerenaissance.space\/wp-content\/uploads\/2023\/01\/DJI_0008_org-300x225.jpg\" alt=\"\" width=\"300\" height=\"225\" srcset=\"https:\/\/france.spacerenaissance.space\/wp-content\/uploads\/2023\/01\/DJI_0008_org-300x225.jpg 300w, https:\/\/france.spacerenaissance.space\/wp-content\/uploads\/2023\/01\/DJI_0008_org-1024x767.jpg 1024w, https:\/\/france.spacerenaissance.space\/wp-content\/uploads\/2023\/01\/DJI_0008_org-768x575.jpg 768w, https:\/\/france.spacerenaissance.space\/wp-content\/uploads\/2023\/01\/DJI_0008_org-1536x1150.jpg 1536w, https:\/\/france.spacerenaissance.space\/wp-content\/uploads\/2023\/01\/DJI_0008_org-2048x1534.jpg 2048w\" sizes=\"auto, (max-width: 300px) 100vw, 300px\" \/><\/p>\n<p><img loading=\"lazy\" decoding=\"async\" class=\"alignnone wp-image-245\" src=\"https:\/\/france.spacerenaissance.space\/wp-content\/uploads\/2023\/01\/VO_Launch_org-300x214.png\" alt=\"\" width=\"302\" height=\"215\" srcset=\"https:\/\/france.spacerenaissance.space\/wp-content\/uploads\/2023\/01\/VO_Launch_org-300x214.png 300w, https:\/\/france.spacerenaissance.space\/wp-content\/uploads\/2023\/01\/VO_Launch_org-1024x730.png 1024w, https:\/\/france.spacerenaissance.space\/wp-content\/uploads\/2023\/01\/VO_Launch_org-768x548.png 768w, https:\/\/france.spacerenaissance.space\/wp-content\/uploads\/2023\/01\/VO_Launch_org.png 1227w\" sizes=\"auto, (max-width: 302px) 100vw, 302px\" \/><\/p>\n<p><a href=\"https:\/\/france.spacerenaissance.space\/wp-content\/uploads\/2023\/01\/Virgin-Orbit-Launch-Demo-Press-Guide.pdf\">Virgin Orbit Launch Demo Press Guide<\/a><\/p>\n<h6>source images: Digitalnewsagency &#8211; Virgin Orbit<\/h6>\n<p>&nbsp;<\/p>\n","protected":false},"excerpt":{"rendered":"<p>Virgin Orbit est une soci\u00e9t\u00e9 du groupe Virgin qui fournit des services de lancement de petits satellites. Le 17 janvier 2021, leur fus\u00e9e LauncherOne a atteint avec succ\u00e8s l&#8217;orbite pour la premi\u00e8re fois et a d\u00e9ploy\u00e9 avec succ\u00e8s 10 cubesats. &hellip; <a href=\"https:\/\/france.spacerenaissance.space\/?page_id=232\">Continue reading <span class=\"meta-nav\">&rarr;<\/span><\/a><\/p>\n","protected":false},"author":2,"featured_media":0,"parent":0,"menu_order":0,"comment_status":"closed","ping_status":"closed","template":"","meta":{"footnotes":""},"class_list":["post-232","page","type-page","status-publish","hentry"],"_links":{"self":[{"href":"https:\/\/france.spacerenaissance.space\/index.php?rest_route=\/wp\/v2\/pages\/232","targetHints":{"allow":["GET"]}}],"collection":[{"href":"https:\/\/france.spacerenaissance.space\/index.php?rest_route=\/wp\/v2\/pages"}],"about":[{"href":"https:\/\/france.spacerenaissance.space\/index.php?rest_route=\/wp\/v2\/types\/page"}],"author":[{"embeddable":true,"href":"https:\/\/france.spacerenaissance.space\/index.php?rest_route=\/wp\/v2\/users\/2"}],"replies":[{"embeddable":true,"href":"https:\/\/france.spacerenaissance.space\/index.php?rest_route=%2Fwp%2Fv2%2Fcomments&post=232"}],"version-history":[{"count":8,"href":"https:\/\/france.spacerenaissance.space\/index.php?rest_route=\/wp\/v2\/pages\/232\/revisions"}],"predecessor-version":[{"id":270,"href":"https:\/\/france.spacerenaissance.space\/index.php?rest_route=\/wp\/v2\/pages\/232\/revisions\/270"}],"wp:attachment":[{"href":"https:\/\/france.spacerenaissance.space\/index.php?rest_route=%2Fwp%2Fv2%2Fmedia&parent=232"}],"curies":[{"name":"wp","href":"https:\/\/api.w.org\/{rel}","templated":true}]}}