{"id":225,"date":"2023-01-12T14:21:16","date_gmt":"2023-01-12T14:21:16","guid":{"rendered":"https:\/\/france.spacerenaissance.space\/?page_id=225"},"modified":"2023-01-12T14:23:46","modified_gmt":"2023-01-12T14:23:46","slug":"spacex","status":"publish","type":"page","link":"https:\/\/france.spacerenaissance.space\/?page_id=225","title":{"rendered":"SpaceX"},"content":{"rendered":"<p><b>SpaceX<\/b>, officiellement\u00a0<b>Space Exploration Technologies Corporation<\/b>, est une\u00a0<a title=\"Entreprise\" href=\"https:\/\/fr.wikipedia.org\/wiki\/Entreprise\">entreprise<\/a>\u00a0<a title=\"\u00c9tats-Unis\" href=\"https:\/\/fr.wikipedia.org\/wiki\/%C3%89tats-Unis\">am\u00e9ricaine<\/a>\u00a0sp\u00e9cialis\u00e9e dans le domaine de l&#8217;<a title=\"Astronautique\" href=\"https:\/\/fr.wikipedia.org\/wiki\/Astronautique\">astronautique<\/a>\u00a0et du\u00a0<a title=\"Vol spatial\" href=\"https:\/\/fr.wikipedia.org\/wiki\/Vol_spatial\">vol spatial<\/a>. Fond\u00e9 le\u00a0<time class=\"nowrap\" datetime=\"2002-05-06\" data-sort-value=\"2002-05-06\">6 mai 2002<\/time>\u00a0par\u00a0<a title=\"Elon Musk\" href=\"https:\/\/fr.wikipedia.org\/wiki\/Elon_Musk\">Elon Musk<\/a>, SpaceX est l&#8217;un des deux prestataires priv\u00e9s \u00e0 qui la\u00a0<a title=\"National Aeronautics and Space Administration\" href=\"https:\/\/fr.wikipedia.org\/wiki\/National_Aeronautics_and_Space_Administration\">National Aeronautics and Space Administration<\/a>\u00a0(NASA) a confi\u00e9 un contrat de transport de fret vers la\u00a0<a title=\"Station spatiale internationale\" href=\"https:\/\/fr.wikipedia.org\/wiki\/Station_spatiale_internationale\">Station spatiale internationale<\/a>\u00a0(ISS) dans le cadre du programme\u00a0<a title=\"Commercial Orbital Transportation Services\" href=\"https:\/\/fr.wikipedia.org\/wiki\/Commercial_Orbital_Transportation_Services\">COTS<\/a>. L&#8217;entreprise d\u00e9veloppe par ailleurs des projets d&#8217;exploration spatiale vers la\u00a0<a title=\"Lune\" href=\"https:\/\/fr.wikipedia.org\/wiki\/Lune\">Lune<\/a>\u00a0et\u00a0<a title=\"Mars (plan\u00e8te)\" href=\"https:\/\/fr.wikipedia.org\/wiki\/Mars_(plan%C3%A8te)\">Mars<\/a>, et le programme\u00a0<a title=\"Starlink\" href=\"https:\/\/fr.wikipedia.org\/wiki\/Starlink\">Starlink<\/a>\u00a0d&#8217;acc\u00e8s \u00e0 haut d\u00e9bit \u00e0\u00a0<a title=\"Internet par satellite\" href=\"https:\/\/fr.wikipedia.org\/wiki\/Internet_par_satellite\">Internet par satellites<\/a>\u00a0sur Terre.<\/p>\n<p>La soci\u00e9t\u00e9 SpaceX con\u00e7oit, construit et commercialise les\u00a0<a title=\"Lanceur (astronautique)\" href=\"https:\/\/fr.wikipedia.org\/wiki\/Lanceur_(astronautique)\">lanceurs<\/a>\u00a0<span class=\"nowrap\"><a title=\"Falcon 9\" href=\"https:\/\/fr.wikipedia.org\/wiki\/Falcon_9\">Falcon 9<\/a><\/span>, les moteurs\u00a0<a title=\"Merlin (moteur-fus\u00e9e)\" href=\"https:\/\/fr.wikipedia.org\/wiki\/Merlin_(moteur-fus%C3%A9e)\">Merlin<\/a>\u00a0qui les propulsent ainsi que le vaisseau cargo\u00a0<a title=\"SpaceX Dragon\" href=\"https:\/\/fr.wikipedia.org\/wiki\/SpaceX_Dragon\">Dragon<\/a>\u00a0et sa version habit\u00e9e, le\u00a0<span class=\"nowrap\"><a title=\"Crew Dragon\" href=\"https:\/\/fr.wikipedia.org\/wiki\/Crew_Dragon\">Crew Dragon<\/a><\/span>. Le lanceur\u00a0<span class=\"nowrap\"><a title=\"Falcon 1\" href=\"https:\/\/fr.wikipedia.org\/wiki\/Falcon_1\">Falcon 1<\/a><\/span>, qui a \u00e9t\u00e9 le premier lanceur de la soci\u00e9t\u00e9, n&#8217;est plus en service. Apr\u00e8s trois \u00e9checs en 2006, 2007 et 2008, a lieu le\u00a0<time class=\"nowrap\" datetime=\"2008-09-28\" data-sort-value=\"2008-09-28\">28 septembre 2008<\/time>\u00a0le premier succ\u00e8s du lanceur\u00a0<span class=\"nowrap\">Falcon 1<\/span>, qui met ensuite en orbite le satellite d&#8217;observation malaisien RazakSAT lors de son cinqui\u00e8me vol, le\u00a0<time class=\"nowrap\" datetime=\"2009-07-13\" data-sort-value=\"2009-07-13\">13 juillet 2009<\/time>. Le cargo spatial Dragon, lanc\u00e9 par une fus\u00e9e\u00a0<span class=\"nowrap\">Falcon 9<\/span>, \u0153uvre dans le cadre du programme de ravitaillement de la Station spatiale internationale. SpaceX, qui emploie plus de 6\u00a0000\u00a0personnes (<time class=\"nowrap\" datetime=\"2019-01\" data-sort-value=\"2019-01\">janvier 2019<\/time>), essentiellement en\u00a0<a title=\"Californie\" href=\"https:\/\/fr.wikipedia.org\/wiki\/Californie\">Californie<\/a>, dispose par ailleurs de deux installations de lancement sur la\u00a0<a title=\"Base de lancement de Cap Canaveral\" href=\"https:\/\/fr.wikipedia.org\/wiki\/Base_de_lancement_de_Cap_Canaveral\">base de Cap Canaveral<\/a>\u00a0(les\u00a0<a title=\"Aire de lancement\" href=\"https:\/\/fr.wikipedia.org\/wiki\/Aire_de_lancement\">pas de tir<\/a>\u00a0SLC-40 et 39A), un \u00e0\u00a0<a class=\"mw-redirect\" title=\"Vandenberg Air Force Base\" href=\"https:\/\/fr.wikipedia.org\/wiki\/Vandenberg_Air_Force_Base\">Vandenberg Air Force Base<\/a>\u00a0(le pas SLC-4E) et un autre est en cours de construction dans le sud du\u00a0<a title=\"Texas\" href=\"https:\/\/fr.wikipedia.org\/wiki\/Texas\">Texas<\/a>, \u00e0\u00a0<a title=\"Boca Chica Village\" href=\"https:\/\/fr.wikipedia.org\/wiki\/Boca_Chica_Village\">Boca Chica Village<\/a>. SpaceX dispose \u00e9galement d&#8217;un banc d&#8217;essais pour ses moteurs au Texas. Le d\u00e9veloppement de SpaceX n&#8217;aurait pu avoir lieu sans la pr\u00e9sence de l&#8217;ing\u00e9nieur de moteur fus\u00e9e\u00a0<a title=\"Tom Mueller\" href=\"https:\/\/fr.wikipedia.org\/wiki\/Tom_Mueller\">Tom Mueller<\/a>.<\/p>\n","protected":false},"excerpt":{"rendered":"<p>SpaceX, officiellement\u00a0Space Exploration Technologies Corporation, est une\u00a0entreprise\u00a0am\u00e9ricaine\u00a0sp\u00e9cialis\u00e9e dans le domaine de l&#8217;astronautique\u00a0et du\u00a0vol spatial. Fond\u00e9 le\u00a06 mai 2002\u00a0par\u00a0Elon Musk, SpaceX est l&#8217;un des deux prestataires priv\u00e9s \u00e0 qui la\u00a0National Aeronautics and Space Administration\u00a0(NASA) a confi\u00e9 un contrat de transport de &hellip; <a href=\"https:\/\/france.spacerenaissance.space\/?page_id=225\">Continue reading <span class=\"meta-nav\">&rarr;<\/span><\/a><\/p>\n","protected":false},"author":2,"featured_media":0,"parent":0,"menu_order":0,"comment_status":"closed","ping_status":"closed","template":"","meta":{"footnotes":""},"class_list":["post-225","page","type-page","status-publish","hentry"],"_links":{"self":[{"href":"https:\/\/france.spacerenaissance.space\/index.php?rest_route=\/wp\/v2\/pages\/225","targetHints":{"allow":["GET"]}}],"collection":[{"href":"https:\/\/france.spacerenaissance.space\/index.php?rest_route=\/wp\/v2\/pages"}],"about":[{"href":"https:\/\/france.spacerenaissance.space\/index.php?rest_route=\/wp\/v2\/types\/page"}],"author":[{"embeddable":true,"href":"https:\/\/france.spacerenaissance.space\/index.php?rest_route=\/wp\/v2\/users\/2"}],"replies":[{"embeddable":true,"href":"https:\/\/france.spacerenaissance.space\/index.php?rest_route=%2Fwp%2Fv2%2Fcomments&post=225"}],"version-history":[{"count":2,"href":"https:\/\/france.spacerenaissance.space\/index.php?rest_route=\/wp\/v2\/pages\/225\/revisions"}],"predecessor-version":[{"id":230,"href":"https:\/\/france.spacerenaissance.space\/index.php?rest_route=\/wp\/v2\/pages\/225\/revisions\/230"}],"wp:attachment":[{"href":"https:\/\/france.spacerenaissance.space\/index.php?rest_route=%2Fwp%2Fv2%2Fmedia&parent=225"}],"curies":[{"name":"wp","href":"https:\/\/api.w.org\/{rel}","templated":true}]}}