{"id":223,"date":"2023-01-12T14:21:03","date_gmt":"2023-01-12T14:21:03","guid":{"rendered":"https:\/\/france.spacerenaissance.space\/?page_id=223"},"modified":"2023-01-12T14:25:49","modified_gmt":"2023-01-12T14:25:49","slug":"virgin","status":"publish","type":"page","link":"https:\/\/france.spacerenaissance.space\/?page_id=223","title":{"rendered":"Virgin Galactic"},"content":{"rendered":"<p><b>Virgin Galactic<\/b>\u00a0est une soci\u00e9t\u00e9 a\u00e9rospatiale lanc\u00e9e en 2004 par l\u2019entrepreneur britannique, fondateur du groupe\u00a0<a title=\"Virgin Group\" href=\"https:\/\/fr.wikipedia.org\/wiki\/Virgin_Group\">Virgin<\/a>, Sir\u00a0<a title=\"Richard Branson\" href=\"https:\/\/fr.wikipedia.org\/wiki\/Richard_Branson\">Richard Branson<\/a>. La firme propose de fournir des\u00a0<a title=\"Vol suborbital\" href=\"https:\/\/fr.wikipedia.org\/wiki\/Vol_suborbital\">vols suborbitaux<\/a>\u00a0\u00e0 des fins touristiques et de recherches.<\/p>\n<p>&nbsp;<\/p>\n","protected":false},"excerpt":{"rendered":"<p>Virgin Galactic\u00a0est une soci\u00e9t\u00e9 a\u00e9rospatiale lanc\u00e9e en 2004 par l\u2019entrepreneur britannique, fondateur du groupe\u00a0Virgin, Sir\u00a0Richard Branson. La firme propose de fournir des\u00a0vols suborbitaux\u00a0\u00e0 des fins touristiques et de recherches. &nbsp;<\/p>\n","protected":false},"author":2,"featured_media":0,"parent":0,"menu_order":0,"comment_status":"closed","ping_status":"closed","template":"","meta":{"footnotes":""},"class_list":["post-223","page","type-page","status-publish","hentry"],"_links":{"self":[{"href":"https:\/\/france.spacerenaissance.space\/index.php?rest_route=\/wp\/v2\/pages\/223","targetHints":{"allow":["GET"]}}],"collection":[{"href":"https:\/\/france.spacerenaissance.space\/index.php?rest_route=\/wp\/v2\/pages"}],"about":[{"href":"https:\/\/france.spacerenaissance.space\/index.php?rest_route=\/wp\/v2\/types\/page"}],"author":[{"embeddable":true,"href":"https:\/\/france.spacerenaissance.space\/index.php?rest_route=\/wp\/v2\/users\/2"}],"replies":[{"embeddable":true,"href":"https:\/\/france.spacerenaissance.space\/index.php?rest_route=%2Fwp%2Fv2%2Fcomments&post=223"}],"version-history":[{"count":2,"href":"https:\/\/france.spacerenaissance.space\/index.php?rest_route=\/wp\/v2\/pages\/223\/revisions"}],"predecessor-version":[{"id":231,"href":"https:\/\/france.spacerenaissance.space\/index.php?rest_route=\/wp\/v2\/pages\/223\/revisions\/231"}],"wp:attachment":[{"href":"https:\/\/france.spacerenaissance.space\/index.php?rest_route=%2Fwp%2Fv2%2Fmedia&parent=223"}],"curies":[{"name":"wp","href":"https:\/\/api.w.org\/{rel}","templated":true}]}}