{"id":210,"date":"2023-01-12T13:56:38","date_gmt":"2023-01-12T13:56:38","guid":{"rendered":"https:\/\/france.spacerenaissance.space\/?page_id=210"},"modified":"2023-01-12T13:56:38","modified_gmt":"2023-01-12T13:56:38","slug":"systeme-de-gestion-de-base-de-donnees","status":"publish","type":"page","link":"https:\/\/france.spacerenaissance.space\/?page_id=210","title":{"rendered":"Systeme de gestion de base de donn\u00e9es"},"content":{"rendered":"<p>Une\u00a0<strong>base de donn\u00e9es<\/strong>\u00a0permet de stocker et de retrouver des donn\u00e9es structur\u00e9es, semi-structur\u00e9es ou des\u00a0<a href=\"https:\/\/fr.wikipedia.org\/wiki\/Donn%C3%A9es_brutes\">donn\u00e9es brutes<\/a>\u00a0ou de l&#8217;<a href=\"https:\/\/fr.wikipedia.org\/wiki\/Information\">information<\/a>, souvent en rapport avec un th\u00e8me ou une activit\u00e9\u00a0; celles-ci peuvent \u00eatre de natures diff\u00e9rentes et plus ou moins reli\u00e9es entre elles.Leurs donn\u00e9es peuvent \u00eatre stock\u00e9es sous une forme tr\u00e8s structur\u00e9e (<a href=\"https:\/\/fr.wikipedia.org\/wiki\/Base_de_donn%C3%A9es_relationnelle\">base de donn\u00e9es relationnelles<\/a>\u00a0par exemple), ou bien sous la forme de donn\u00e9es brutes peu structur\u00e9es (avec les bases de donn\u00e9es\u00a0<a href=\"https:\/\/fr.wikipedia.org\/wiki\/NoSQL\">NoSQL<\/a>\u00a0par exemple). Une base de donn\u00e9es peut \u00eatre localis\u00e9e dans un m\u00eame lieu et sur un m\u00eame support\u00a0<a href=\"https:\/\/fr.wikipedia.org\/wiki\/Informatique\">informatis\u00e9<\/a>, ou r\u00e9partie sur plusieurs machines \u00e0 plusieurs endroits. La base de donn\u00e9es est au centre des dispositifs informatiques de collecte, mise en forme,\u00a0<a href=\"https:\/\/fr.wikipedia.org\/wiki\/Stockage\">stockage<\/a>\u00a0et utilisation d&#8217;<a href=\"https:\/\/fr.wikipedia.org\/wiki\/Information\">informations<\/a>. Le dispositif comporte un\u00a0<a href=\"https:\/\/fr.wikipedia.org\/wiki\/Syst%C3%A8me_de_gestion_de_base_de_donn%C3%A9es\">syst\u00e8me de gestion de base de donn\u00e9es<\/a>\u00a0(abr\u00e9viation\u00a0:\u00a0<a href=\"https:\/\/fr.wikipedia.org\/wiki\/SGBD\">SGBD<\/a>)\u00a0: un\u00a0<a href=\"https:\/\/fr.wikipedia.org\/wiki\/Logiciel\">logiciel<\/a>\u00a0moteur qui manipule la base de donn\u00e9es et dirige l&#8217;acc\u00e8s \u00e0 son contenu. De tels dispositifs comportent \u00e9galement des logiciels applicatifs, et un ensemble de r\u00e8gles relatives \u00e0 l&#8217;acc\u00e8s et l&#8217;utilisation des informations<sup><a href=\"https:\/\/fr.wikipedia.org\/wiki\/Base_de_donn%C3%A9es#cite_note-2012_Carlos_CORONEL-1\">1<\/a><\/sup>. La manipulation de donn\u00e9es est une des utilisations les plus courantes des\u00a0<a href=\"https:\/\/fr.wikipedia.org\/wiki\/Ordinateur\">ordinateurs<\/a>. Les bases de donn\u00e9es sont par exemple utilis\u00e9es dans les secteurs de la\u00a0<a href=\"https:\/\/fr.wikipedia.org\/wiki\/Finance\">finance<\/a>, des\u00a0<a href=\"https:\/\/fr.wikipedia.org\/wiki\/Assurance\">assurances<\/a>, des\u00a0<a href=\"https:\/\/fr.wikipedia.org\/wiki\/%C3%89cole\">\u00e9coles<\/a>, de l&#8217;<a href=\"https:\/\/fr.wikipedia.org\/wiki\/%C3%89pid%C3%A9miologie\">\u00e9pid\u00e9miologie<\/a>, de l&#8217;<a href=\"https:\/\/fr.wikipedia.org\/wiki\/Administration_publique\">administration publique<\/a>\u00a0(notamment les statistiques) et des\u00a0<a href=\"https:\/\/fr.wikipedia.org\/wiki\/M%C3%A9dia\">m\u00e9dias<\/a>. Lorsque plusieurs objets nomm\u00e9s \u00ab\u00a0bases de donn\u00e9es\u00a0\u00bb sont constitu\u00e9s sous forme de collection, on parle alors d&#8217;une\u00a0<strong>banque de donn\u00e9es<\/strong>.Une base de donn\u00e9es est un \u00ab\u00a0conteneur\u00a0\u00bb stockant des\u00a0<em>donn\u00e9es<\/em>\u00a0telles que des chiffres, des dates ou des mots, pouvant \u00eatre retrait\u00e9s par des moyens informatiques pour produire une information\u00a0; par exemple, des chiffres et des noms assembl\u00e9s et tri\u00e9s pour former un\u00a0<a href=\"https:\/\/fr.wikipedia.org\/wiki\/Annuaire\">annuaire<\/a>. Les retraitements sont typiquement une combinaison d&#8217;op\u00e9rations de recherches, de choix, de tri, de regroupement, et de\u00a0<a href=\"https:\/\/fr.wikipedia.org\/wiki\/Concat%C3%A9nation\">concat\u00e9nation<\/a>. C&#8217;est la pi\u00e8ce centrale d&#8217;un\u00a0<a href=\"https:\/\/fr.wikipedia.org\/wiki\/Syst%C3%A8me_d%27information\">syst\u00e8me d&#8217;information<\/a>\u00a0ou d&#8217;un\u00a0<em>syst\u00e8me de base de donn\u00e9es<\/em>\u00a0(ou\u00a0<em>base de donn\u00e9es<\/em>\u00a0tout court), qui r\u00e9git la collecte, le stockage, le retraitement et l&#8217;utilisation de donn\u00e9es. Ce dispositif comporte souvent un logiciel moteur (cf. paragraphe suivant), des logiciels applicatifs, et un ensemble de r\u00e8gles relatives \u00e0 l&#8217;acc\u00e8s et l&#8217;utilisation des informations<sup><a href=\"https:\/\/fr.wikipedia.org\/wiki\/Base_de_donn%C3%A9es#cite_note-2012_Carlos_CORONEL-1\">1<\/a><\/sup>. Le\u00a0<a href=\"https:\/\/fr.wikipedia.org\/wiki\/Syst%C3%A8me_de_gestion_de_base_de_donn%C3%A9es\">syst\u00e8me de gestion de base de donn\u00e9es<\/a>\u00a0est une suite de programmes qui manipule la structure de la base de donn\u00e9es et dirige l&#8217;acc\u00e8s aux donn\u00e9es qui y sont stock\u00e9es. Une base de donn\u00e9es est compos\u00e9e d&#8217;une collection de fichiers\u00a0; on y acc\u00e8de par le SGBD qui re\u00e7oit des demandes de manipulation du contenu et effectue les op\u00e9rations n\u00e9cessaires sur les fichiers. Il cache la complexit\u00e9 des op\u00e9rations et offre une vue synth\u00e9tique sur le contenu. Le SGBD permet \u00e0 plusieurs usagers de manipuler simultan\u00e9ment le contenu, et peut offrir diff\u00e9rentes vues sur un m\u00eame ensemble de donn\u00e9es<sup><a href=\"https:\/\/fr.wikipedia.org\/wiki\/Base_de_donn%C3%A9es#cite_note-2012_Carlos_CORONEL-1\">1<\/a><\/sup>. Le recours aux bases de donn\u00e9es est une alternative au proc\u00e9d\u00e9 classique de stockage de donn\u00e9es, par lequel une application place des donn\u00e9es dans des\u00a0<a href=\"https:\/\/fr.wikipedia.org\/wiki\/Fichier_informatique\">fichiers<\/a>\u00a0manipul\u00e9s par l&#8217;application. Il facilite le partage des informations, permet le contr\u00f4le automatique de la coh\u00e9rence et de la redondance des informations, la limitation de l&#8217;acc\u00e8s aux informations et la production plus ais\u00e9e des informations synth\u00e9tiques \u00e0 partir des renseignements bruts. La base de donn\u00e9es a de plus un effet f\u00e9d\u00e9rateur\u00a0: dans une collectivit\u00e9 utilisant une base de donn\u00e9es, une personne unique \u2014\u00a0l&#8217;<a href=\"https:\/\/fr.wikipedia.org\/wiki\/Administrateur_de_bases_de_donn%C3%A9es\">administrateur de bases de donn\u00e9es<\/a>\u00a0\u2014 organise le contenu de la base d&#8217;une mani\u00e8re b\u00e9n\u00e9fique \u00e0 l&#8217;ensemble de la collectivit\u00e9, ce qui peut \u00e9viter des conflits dus \u00e0 des int\u00e9r\u00eats divergents entre les membres de la collectivit\u00e9<sup><a href=\"https:\/\/fr.wikipedia.org\/wiki\/Base_de_donn%C3%A9es#cite_note-adamski-3\">3<\/a><\/sup>. Une base de donn\u00e9es n\u00e9cessite g\u00e9n\u00e9ralement plus d&#8217;espace disque, le large \u00e9ventail de fonctions offertes par les SGBD rend les manipulations plus complexes, et les pannes ont un impact plus large et sont plus difficiles \u00e0 rattraper&#8230;. (source wikipedia)<\/p>\n","protected":false},"excerpt":{"rendered":"<p>Une\u00a0base de donn\u00e9es\u00a0permet de stocker et de retrouver des donn\u00e9es structur\u00e9es, semi-structur\u00e9es ou des\u00a0donn\u00e9es brutes\u00a0ou de l&#8217;information, souvent en rapport avec un th\u00e8me ou une activit\u00e9\u00a0; celles-ci peuvent \u00eatre de natures diff\u00e9rentes et plus ou moins reli\u00e9es entre elles.Leurs donn\u00e9es &hellip; <a href=\"https:\/\/france.spacerenaissance.space\/?page_id=210\">Continue reading <span class=\"meta-nav\">&rarr;<\/span><\/a><\/p>\n","protected":false},"author":2,"featured_media":0,"parent":0,"menu_order":0,"comment_status":"closed","ping_status":"closed","template":"","meta":{"footnotes":""},"class_list":["post-210","page","type-page","status-publish","hentry"],"_links":{"self":[{"href":"https:\/\/france.spacerenaissance.space\/index.php?rest_route=\/wp\/v2\/pages\/210","targetHints":{"allow":["GET"]}}],"collection":[{"href":"https:\/\/france.spacerenaissance.space\/index.php?rest_route=\/wp\/v2\/pages"}],"about":[{"href":"https:\/\/france.spacerenaissance.space\/index.php?rest_route=\/wp\/v2\/types\/page"}],"author":[{"embeddable":true,"href":"https:\/\/france.spacerenaissance.space\/index.php?rest_route=\/wp\/v2\/users\/2"}],"replies":[{"embeddable":true,"href":"https:\/\/france.spacerenaissance.space\/index.php?rest_route=%2Fwp%2Fv2%2Fcomments&post=210"}],"version-history":[{"count":1,"href":"https:\/\/france.spacerenaissance.space\/index.php?rest_route=\/wp\/v2\/pages\/210\/revisions"}],"predecessor-version":[{"id":211,"href":"https:\/\/france.spacerenaissance.space\/index.php?rest_route=\/wp\/v2\/pages\/210\/revisions\/211"}],"wp:attachment":[{"href":"https:\/\/france.spacerenaissance.space\/index.php?rest_route=%2Fwp%2Fv2%2Fmedia&parent=210"}],"curies":[{"name":"wp","href":"https:\/\/api.w.org\/{rel}","templated":true}]}}