{"id":171,"date":"2023-01-05T18:02:02","date_gmt":"2023-01-05T18:02:02","guid":{"rendered":"https:\/\/france.spacerenaissance.space\/?page_id=171"},"modified":"2023-01-05T18:02:02","modified_gmt":"2023-01-05T18:02:02","slug":"zephalto-et-ses-vols-touristiques-en-ballon-pour-lespace","status":"publish","type":"page","link":"https:\/\/france.spacerenaissance.space\/?page_id=171","title":{"rendered":"Zephalto et ses vols touristiques en ballon pour l\u2019espace"},"content":{"rendered":"\n<p>La startup fran\u00e7aise se confronte aux mastodontes Space X et Blue Origin sur le march\u00e9 du tourisme spatiale. A la diff\u00e9rence des entreprises am\u00e9ricaines,\u00a0<a href=\"https:\/\/bigmedia.bpifrance.fr\/portraits\/zephalto-organise-des-vols-touristiques-en-ballon-pour-lespace\">la soci\u00e9t\u00e9 fran\u00e7aise ambitionne d\u2019organiser des voyages dans l\u2019espace<\/a>\u00a0sans impact pour l\u2019environnement, en s\u2019inspirant des montgolfi\u00e8res. Le projet \u00ab\u202fC\u00e9leste\u202f\u00bb est compos\u00e9 d\u2019une nacelle accroch\u00e9e \u00e0 un ballon de 130 m\u00e8tres de haut capable d\u2019emmener des passagers dans la stratosph\u00e8re, \u00e0 25 km au-dessus de nos t\u00eates. Cette r\u00e9ponse \u00e9cologique r\u00e9pond aussi \u00e0 des enjeux \u00e9conomiques. Selon la Bank of America, dans les 30 ans \u00e0 venir, le march\u00e9 du tourisme spatial va repr\u00e9senter 2 700 milliards de dollars. La cible reste tout de m\u00eame de niche avec un co\u00fbt du ticket estim\u00e9 \u00e0 plusieurs centaines de milliers d\u2019euros. Ce qui ne d\u00e9couragent pas certains curieux. \u00ab\u00a0<em>Nous avons plus de 200 personnes inscrites\u00a0<\/em>\u00bb, souligne Vincent Farret d\u2019Asti\u00e8s, fondateur de l\u2019entreprise. Les premiers vols sont programm\u00e9s pour 2025, avec 60 places disponibles et 360 l&#8217;ann\u00e9e suivante.\u00a0<\/p>\n\n\n\n<figure class=\"wp-block-image size-full\"><img loading=\"lazy\" decoding=\"async\" width=\"788\" height=\"454\" src=\"https:\/\/france.spacerenaissance.space\/wp-content\/uploads\/2023\/01\/zephalto-visu.jpg\" alt=\"\" class=\"wp-image-172\" srcset=\"https:\/\/france.spacerenaissance.space\/wp-content\/uploads\/2023\/01\/zephalto-visu.jpg 788w, https:\/\/france.spacerenaissance.space\/wp-content\/uploads\/2023\/01\/zephalto-visu-300x173.jpg 300w, https:\/\/france.spacerenaissance.space\/wp-content\/uploads\/2023\/01\/zephalto-visu-768x442.jpg 768w\" sizes=\"auto, (max-width: 788px) 100vw, 788px\" \/><figcaption class=\"wp-element-caption\">Photo Zephalto (DR)<\/figcaption><\/figure>\n","protected":false},"excerpt":{"rendered":"<p>La startup fran\u00e7aise se confronte aux mastodontes Space X et Blue Origin sur le march\u00e9 du tourisme spatiale. A la diff\u00e9rence des entreprises am\u00e9ricaines,\u00a0la soci\u00e9t\u00e9 fran\u00e7aise ambitionne d\u2019organiser des voyages dans l\u2019espace\u00a0sans impact pour l\u2019environnement, en s\u2019inspirant des montgolfi\u00e8res. Le &hellip; <a href=\"https:\/\/france.spacerenaissance.space\/?page_id=171\">Continue reading <span class=\"meta-nav\">&rarr;<\/span><\/a><\/p>\n","protected":false},"author":2,"featured_media":0,"parent":0,"menu_order":0,"comment_status":"closed","ping_status":"closed","template":"","meta":{"footnotes":""},"class_list":["post-171","page","type-page","status-publish","hentry"],"_links":{"self":[{"href":"https:\/\/france.spacerenaissance.space\/index.php?rest_route=\/wp\/v2\/pages\/171","targetHints":{"allow":["GET"]}}],"collection":[{"href":"https:\/\/france.spacerenaissance.space\/index.php?rest_route=\/wp\/v2\/pages"}],"about":[{"href":"https:\/\/france.spacerenaissance.space\/index.php?rest_route=\/wp\/v2\/types\/page"}],"author":[{"embeddable":true,"href":"https:\/\/france.spacerenaissance.space\/index.php?rest_route=\/wp\/v2\/users\/2"}],"replies":[{"embeddable":true,"href":"https:\/\/france.spacerenaissance.space\/index.php?rest_route=%2Fwp%2Fv2%2Fcomments&post=171"}],"version-history":[{"count":1,"href":"https:\/\/france.spacerenaissance.space\/index.php?rest_route=\/wp\/v2\/pages\/171\/revisions"}],"predecessor-version":[{"id":173,"href":"https:\/\/france.spacerenaissance.space\/index.php?rest_route=\/wp\/v2\/pages\/171\/revisions\/173"}],"wp:attachment":[{"href":"https:\/\/france.spacerenaissance.space\/index.php?rest_route=%2Fwp%2Fv2%2Fmedia&parent=171"}],"curies":[{"name":"wp","href":"https:\/\/api.w.org\/{rel}","templated":true}]}}