{"id":106,"date":"2023-01-05T16:24:54","date_gmt":"2023-01-05T16:24:54","guid":{"rendered":"https:\/\/france.spacerenaissance.space\/?page_id=106"},"modified":"2023-02-08T08:01:44","modified_gmt":"2023-02-08T08:01:44","slug":"base-de-donnees","status":"publish","type":"page","link":"https:\/\/france.spacerenaissance.space\/?page_id=106","title":{"rendered":"Base de donn\u00e9es"},"content":{"rendered":"\r\n\r\n\r\n<ul>\r\n<li><a href=\"https:\/\/france.spacerenaissance.space\/?page_id=210\"><strong>Syst\u00e8me de gestion de bases de donn\u00e9es<\/strong><\/a><\/li>\r\n<li><a href=\"https:\/\/france.spacerenaissance.space\/?page_id=214\"><strong>Starts-ups spatiales fran\u00e7aises<\/strong><\/a><\/li>\r\n<li><a href=\"https:\/\/france.spacerenaissance.space\/?page_id=220\"><strong>Les acteurs du NewSpace<\/strong><\/a><\/li>\r\n<li><a href=\"https:\/\/france.spacerenaissance.space\/?page_id=252\"><strong>L&#8217;industrie spatiale<\/strong><\/a><\/li>\r\n<li><a href=\"https:\/\/france.spacerenaissance.space\/?page_id=255\"><strong>Agences spatiales publiques<\/strong><\/a><\/li>\r\n<li><a href=\"https:\/\/france.spacerenaissance.space\/?page_id=266\"><strong>Entreprises spatiales priv\u00e9es<\/strong><\/a><\/li>\r\n<li><a href=\"https:\/\/france.spacerenaissance.space\/?page_id=337\"><strong>Entreprises de l&#8217;industrie spatiale<\/strong><\/a><\/li>\r\n<li><a href=\"https:\/\/france.spacerenaissance.space\/?page_id=331\"><strong>Bases spatiales<\/strong><\/a>\u00a0<\/li>\r\n<\/ul>\r\n<p><img loading=\"lazy\" decoding=\"async\" class=\"alignnone  wp-image-271\" src=\"https:\/\/france.spacerenaissance.space\/wp-content\/uploads\/2023\/01\/wall-art-mural-painting-300x199.jpg\" alt=\"\" width=\"544\" height=\"361\" srcset=\"https:\/\/france.spacerenaissance.space\/wp-content\/uploads\/2023\/01\/wall-art-mural-painting-300x199.jpg 300w, https:\/\/france.spacerenaissance.space\/wp-content\/uploads\/2023\/01\/wall-art-mural-painting-768x511.jpg 768w, https:\/\/france.spacerenaissance.space\/wp-content\/uploads\/2023\/01\/wall-art-mural-painting.jpg 910w\" sizes=\"auto, (max-width: 544px) 100vw, 544px\" \/><\/p>\r\n\r\n\r\n\r\n<p>&nbsp;<\/p>\r\n","protected":false},"excerpt":{"rendered":"<p>Syst\u00e8me de gestion de bases de donn\u00e9es Starts-ups spatiales fran\u00e7aises Les acteurs du NewSpace L&#8217;industrie spatiale Agences spatiales publiques Entreprises spatiales priv\u00e9es Entreprises de l&#8217;industrie spatiale Bases spatiales\u00a0 &nbsp;<\/p>\n","protected":false},"author":2,"featured_media":0,"parent":0,"menu_order":0,"comment_status":"closed","ping_status":"closed","template":"","meta":{"footnotes":""},"class_list":["post-106","page","type-page","status-publish","hentry"],"_links":{"self":[{"href":"https:\/\/france.spacerenaissance.space\/index.php?rest_route=\/wp\/v2\/pages\/106","targetHints":{"allow":["GET"]}}],"collection":[{"href":"https:\/\/france.spacerenaissance.space\/index.php?rest_route=\/wp\/v2\/pages"}],"about":[{"href":"https:\/\/france.spacerenaissance.space\/index.php?rest_route=\/wp\/v2\/types\/page"}],"author":[{"embeddable":true,"href":"https:\/\/france.spacerenaissance.space\/index.php?rest_route=\/wp\/v2\/users\/2"}],"replies":[{"embeddable":true,"href":"https:\/\/france.spacerenaissance.space\/index.php?rest_route=%2Fwp%2Fv2%2Fcomments&post=106"}],"version-history":[{"count":23,"href":"https:\/\/france.spacerenaissance.space\/index.php?rest_route=\/wp\/v2\/pages\/106\/revisions"}],"predecessor-version":[{"id":417,"href":"https:\/\/france.spacerenaissance.space\/index.php?rest_route=\/wp\/v2\/pages\/106\/revisions\/417"}],"wp:attachment":[{"href":"https:\/\/france.spacerenaissance.space\/index.php?rest_route=%2Fwp%2Fv2%2Fmedia&parent=106"}],"curies":[{"name":"wp","href":"https:\/\/api.w.org\/{rel}","templated":true}]}}