{"id":104,"date":"2023-01-05T16:24:54","date_gmt":"2023-01-05T16:24:54","guid":{"rendered":"https:\/\/france.spacerenaissance.space\/?page_id=104"},"modified":"2023-03-27T10:08:08","modified_gmt":"2023-03-27T10:08:08","slug":"actualites","status":"publish","type":"page","link":"https:\/\/france.spacerenaissance.space\/?page_id=104","title":{"rendered":"Organisation"},"content":{"rendered":"\r\n<p>Notre objectif est de recruter de nouveaux adh\u00e9rents et de mettre en place un r\u00e9seau maill\u00e9 couvrant la totalit\u00e9 du territoire national.<\/p>\r\n<p><img loading=\"lazy\" decoding=\"async\" class=\"alignnone  wp-image-285\" src=\"https:\/\/france.spacerenaissance.space\/wp-content\/uploads\/2023\/01\/kobby-mendez-d0oYF8hm4GI-unsplash-300x215.jpg\" alt=\"\" width=\"603\" height=\"432\" srcset=\"https:\/\/france.spacerenaissance.space\/wp-content\/uploads\/2023\/01\/kobby-mendez-d0oYF8hm4GI-unsplash-300x215.jpg 300w, https:\/\/france.spacerenaissance.space\/wp-content\/uploads\/2023\/01\/kobby-mendez-d0oYF8hm4GI-unsplash-1024x734.jpg 1024w, https:\/\/france.spacerenaissance.space\/wp-content\/uploads\/2023\/01\/kobby-mendez-d0oYF8hm4GI-unsplash-768x551.jpg 768w, https:\/\/france.spacerenaissance.space\/wp-content\/uploads\/2023\/01\/kobby-mendez-d0oYF8hm4GI-unsplash-1536x1101.jpg 1536w, https:\/\/france.spacerenaissance.space\/wp-content\/uploads\/2023\/01\/kobby-mendez-d0oYF8hm4GI-unsplash-2048x1468.jpg 2048w\" sizes=\"auto, (max-width: 603px) 100vw, 603px\" \/><\/p>\r\n<h6 style=\"text-align: left;\">Image: kobby-mendez-d0oYF8hm4GI-from unsplash<\/h6>\r\n<p><a href=\"https:\/\/spacerenaissance.space\/membership\/international-membership-registration\/\" target=\"_blank\" rel=\"noopener\">Join the Space Renaissance Crew as a member!<\/a><\/p>\r\n","protected":false},"excerpt":{"rendered":"<p>Notre objectif est de recruter de nouveaux adh\u00e9rents et de mettre en place un r\u00e9seau maill\u00e9 couvrant la totalit\u00e9 du territoire national. Image: kobby-mendez-d0oYF8hm4GI-from unsplash Join the Space Renaissance Crew as a member!<\/p>\n","protected":false},"author":2,"featured_media":0,"parent":0,"menu_order":0,"comment_status":"closed","ping_status":"closed","template":"","meta":{"footnotes":""},"class_list":["post-104","page","type-page","status-publish","hentry"],"_links":{"self":[{"href":"https:\/\/france.spacerenaissance.space\/index.php?rest_route=\/wp\/v2\/pages\/104","targetHints":{"allow":["GET"]}}],"collection":[{"href":"https:\/\/france.spacerenaissance.space\/index.php?rest_route=\/wp\/v2\/pages"}],"about":[{"href":"https:\/\/france.spacerenaissance.space\/index.php?rest_route=\/wp\/v2\/types\/page"}],"author":[{"embeddable":true,"href":"https:\/\/france.spacerenaissance.space\/index.php?rest_route=\/wp\/v2\/users\/2"}],"replies":[{"embeddable":true,"href":"https:\/\/france.spacerenaissance.space\/index.php?rest_route=%2Fwp%2Fv2%2Fcomments&post=104"}],"version-history":[{"count":9,"href":"https:\/\/france.spacerenaissance.space\/index.php?rest_route=\/wp\/v2\/pages\/104\/revisions"}],"predecessor-version":[{"id":424,"href":"https:\/\/france.spacerenaissance.space\/index.php?rest_route=\/wp\/v2\/pages\/104\/revisions\/424"}],"wp:attachment":[{"href":"https:\/\/france.spacerenaissance.space\/index.php?rest_route=%2Fwp%2Fv2%2Fmedia&parent=104"}],"curies":[{"name":"wp","href":"https:\/\/api.w.org\/{rel}","templated":true}]}}